{"id":1678,"date":"2026-03-16T13:07:48","date_gmt":"2026-03-16T13:07:48","guid":{"rendered":"https:\/\/aurorapsicologia.es\/?page_id=1678"},"modified":"2026-03-16T13:09:43","modified_gmt":"2026-03-16T13:09:43","slug":"declaracion-de-accesibilidad","status":"publish","type":"page","link":"https:\/\/aurorapsicologia.es\/es\/declaracion-de-accesibilidad\/","title":{"rendered":"Declaraci\u00f3n de accesibilidad"},"content":{"rendered":"\n<p><strong>Aurora Ses\u00e9 Hern\u00e1ndez<\/strong> se ha comprometido a hacer accesible su sitio web de conformidad con el <strong>Real Decreto 1112\/2018, de 7 de septiembre<\/strong>, sobre accesibilidad de los sitios web y aplicaciones para dispositivos m\u00f3viles del sector p\u00fablico.<\/p>\n\n\n\n<p>La presente declaraci\u00f3n de accesibilidad se aplica al sitio web:<br><a href=\"https:\/\/divergentebyutopya.com\/\" rel=\"nofollow noopener\" target=\"_blank\">https:\/\/divergentebyutopya.com\/<\/a><\/p>\n\n\n\n<h2 class=\"wp-block-heading\">Situaci\u00f3n de cumplimiento<\/h2>\n\n\n\n<p>Este sitio web es <strong>parcialmente conforme<\/strong> con el RD 1112\/2018 debido a las excepciones y a la falta de conformidad de los aspectos que se indican a continuaci\u00f3n.<\/p>\n\n\n\n<h2 class=\"wp-block-heading\">Contenido no accesible<\/h2>\n\n\n\n<p>El contenido que se recoge a continuaci\u00f3n no es accesible por lo siguiente:<\/p>\n\n\n\n<h3 class=\"wp-block-heading\">Falta de conformidad con el RD 1112\/2018<\/h3>\n\n\n\n<ul class=\"wp-block-list\">\n<li>Existen logotipos e im\u00e1genes con <strong>texto alternativo incorrecto o confuso<\/strong>, as\u00ed como im\u00e1genes complejas sin descripci\u00f3n textual.<br>[requisito n\u00famero 9.1.1.1 Contenido no textual, de UNE-EN 301549:2022].<\/li>\n\n\n\n<li>Existen <strong>listas creadas de forma incorrecta<\/strong> (sin etiqueta de lista), tablas con celdas etiquetadas incorrectamente y etiquetas invisibles en elementos de formularios.<br>[requisito n\u00famero 9.1.3.1 Informaci\u00f3n y relaciones, de UNE-EN 301549:2022].<\/li>\n\n\n\n<li>Existen <strong>tablas no adaptadas a tama\u00f1os de pantalla peque\u00f1os<\/strong> y campos de formulario que no se visualizan correctamente en pantallas reducidas.<br>[requisito n\u00famero 9.1.4.10 Reajuste de texto, de UNE-EN 301549:2022].<\/li>\n\n\n\n<li>Existe texto que, al cambiar los <strong>espacios o la altura de l\u00ednea<\/strong>, no se visualiza correctamente.<br>[requisito n\u00famero 9.1.4.12 Espaciado de texto, de UNE-EN 301549:2022].<\/li>\n\n\n\n<li>Existen elementos que <strong>no son accesibles mediante teclado<\/strong>, como por ejemplo enlaces a redes sociales, el editor de textos para comentarios, elementos para ordenar resultados de b\u00fasqueda, la paginaci\u00f3n de los resultados o las flechas del calendario.<br>[requisito n\u00famero 9.2.1.1 Teclado, de UNE-EN 301549:2022].<\/li>\n\n\n\n<li>Hay elementos que <strong>no reciben el foco<\/strong>, por lo que no se puede interactuar con ellos mediante el teclado.<br>[requisito n\u00famero 9.2.4.3 Orden del foco, de UNE-EN 301549:2022].<\/li>\n\n\n\n<li>Hay enlaces en los que <strong>no se identifica correctamente su funci\u00f3n<\/strong> (descripci\u00f3n inadecuada, texto demasiado gen\u00e9rico o t\u00edtulo incorrecto).<br>[requisito n\u00famero 9.2.4.4 Prop\u00f3sito de los enlaces, de UNE-EN 301549:2022].<\/li>\n\n\n\n<li>Existen <strong>encabezados con texto repetido o poco descriptivo<\/strong>.<br>[requisito n\u00famero 9.2.4.6 Encabezados y etiquetas, de UNE-EN 301549:2022].<\/li>\n\n\n\n<li>Existen im\u00e1genes, infograf\u00edas, textos de enlaces o botones, titulares y contenidos <strong>que no est\u00e1n traducidos a otros idiomas<\/strong>.<br>[requisito n\u00famero 9.3.1.2 Idioma de las partes, de UNE-EN 301549:2022].<\/li>\n\n\n\n<li>En alguna p\u00e1gina se utiliza <strong>el mismo icono para diferentes prop\u00f3sitos<\/strong>, lo que puede generar confusi\u00f3n.<br>[requisito n\u00famero 9.3.2.4 Identificaci\u00f3n coherente, de UNE-EN 301549:2022].<\/li>\n\n\n\n<li>Existen <strong>mensajes de error poco descriptivos<\/strong>, o mensajes que no est\u00e1n agrupados en un \u00fanico aviso, as\u00ed como falta de sugerencias en formularios para completar correctamente los campos.<br>[requisito n\u00famero 9.3.3.1 Identificaci\u00f3n de errores, de UNE-EN 301549:2022].<\/li>\n\n\n\n<li>Existen <strong>formularios con campos obligatorios<\/strong> donde no se informa al usuario, as\u00ed como campos donde falta un ejemplo textual del formato del campo (por ejemplo, el DNI).<br>[requisito n\u00famero 9.3.3.2 Etiquetas e instrucciones, de UNE-EN 301549:2022].<\/li>\n\n\n\n<li>Existen campos de formularios en los que se informa del error cuando se introduce un valor incorrecto, pero <strong>no se ofrece una sugerencia para su correcci\u00f3n<\/strong>.<br>[requisito n\u00famero 9.3.3.3 Sugerencias ante errores, de UNE-EN 301549:2022].<\/li>\n\n\n\n<li>Existen p\u00e1ginas con <strong>errores de sintaxis<\/strong>, lo que puede impedir que algunos productos de apoyo interpreten correctamente el contenido (IDs duplicados, etiquetas sin cerrar, construcci\u00f3n incorrecta de etiquetas, etc.).<br>[requisito n\u00famero 9.4.1.1 Procesamiento, de UNE-EN 301549:2022].<\/li>\n\n\n\n<li>Existen p\u00e1ginas en las que los productos de apoyo <strong>no pueden obtener informaci\u00f3n o interactuar correctamente con los controles de la interfaz de usuario<\/strong>, como mensajes de ayuda, mensajes de estado de acciones, atributos de enlaces o idioma de la p\u00e1gina.<br>[requisito n\u00famero 9.4.1.2 Nombre, funci\u00f3n, valor, de UNE-EN 301549:2022].<\/li>\n\n\n\n<li>Podr\u00edan existir <strong>errores puntuales de edici\u00f3n<\/strong> en alguna p\u00e1gina web.<\/li>\n<\/ul>\n\n\n\n<h3 class=\"wp-block-heading\">Carga desproporcionada<\/h3>\n\n\n\n<p>No se aplica.<\/p>\n\n\n\n<h3 class=\"wp-block-heading\">Contenido fuera del \u00e1mbito de la legislaci\u00f3n aplicable<\/h3>\n\n\n\n<p>Podr\u00edan existir <strong>archivos ofim\u00e1ticos en PDF u otros formatos<\/strong> publicados antes del 20 de septiembre de 2018 que no cumplan totalmente todos los requisitos de accesibilidad, aunque se ha procurado que la mayor\u00eda s\u00ed lo hagan.<\/p>\n\n\n\n<h2 class=\"wp-block-heading\">Preparaci\u00f3n de la presente declaraci\u00f3n de accesibilidad<\/h2>\n\n\n\n<p>La presente declaraci\u00f3n fue preparada el <strong>12\/04\/2026<\/strong>.<\/p>\n\n\n\n<p>El m\u00e9todo empleado para preparar la declaraci\u00f3n ha sido <strong>una autoevaluaci\u00f3n llevada a cabo por la propia entidad<\/strong>.<\/p>\n\n\n\n<p>\u00daltima revisi\u00f3n de la declaraci\u00f3n: <strong>12\/04\/2026<\/strong>.<\/p>\n\n\n\n<h2 class=\"wp-block-heading\">Observaciones y datos de contacto<\/h2>\n\n\n\n<p>Puede realizar comunicaciones sobre requisitos de accesibilidad (art\u00edculo 10.2.a del RD 1112\/2018), como por ejemplo:<\/p>\n\n\n\n<ul class=\"wp-block-list\">\n<li>informar sobre cualquier posible incumplimiento por parte de este sitio web<\/li>\n\n\n\n<li>transmitir otras dificultades de acceso al contenido<\/li>\n\n\n\n<li>formular cualquier consulta o sugerencia de mejora relativa a la accesibilidad del sitio web<\/li>\n<\/ul>\n\n\n\n<p>a trav\u00e9s del contacto correspondiente.<\/p>\n\n\n\n<p>Puede presentar:<\/p>\n\n\n\n<ul class=\"wp-block-list\">\n<li>una <strong>Queja<\/strong> relativa al cumplimiento de los requisitos del RD 1112\/2018, o<\/li>\n\n\n\n<li>una <strong>Solicitud de Informaci\u00f3n accesible<\/strong> relativa a:<\/li>\n\n\n\n<li>contenidos que est\u00e1n excluidos del \u00e1mbito de aplicaci\u00f3n del RD 1112\/2018 seg\u00fan lo establecido en el art\u00edculo 3, apartado 4<\/li>\n\n\n\n<li>contenidos que est\u00e1n exentos del cumplimiento de los requisitos de accesibilidad por imponer una carga desproporcionada<\/li>\n<\/ul>\n\n\n\n<p>En la <strong>Solicitud de informaci\u00f3n accesible<\/strong> se deber\u00e1n especificar con claridad los hechos, razones y petici\u00f3n que permitan constatar que se trata de una solicitud razonable y leg\u00edtima.<\/p>\n\n\n\n<h2 class=\"wp-block-heading\">Contenido opcional<\/h2>\n\n\n\n<p>Este sitio web aplica los requisitos de la <strong>Norma UNE-EN 301549:2022<\/strong>, considerando las excepciones del RD 1112\/2018.<\/p>\n\n\n\n<p>La \u00faltima revisi\u00f3n de accesibilidad se ha realizado el <strong>12\/04\/2026<\/strong>.<\/p>\n\n\n\n<p>El sitio web est\u00e1 optimizado para los navegadores <strong>Microsoft Internet Explorer 8.0 o versiones superiores<\/strong> y las \u00faltimas versiones vigentes de <strong>Firefox, Safari, Opera y Google Chrome<\/strong>. La resoluci\u00f3n web m\u00ednima recomendada es <strong>1280\u00d71024<\/strong>.<\/p>\n\n\n\n<p>El sitio web est\u00e1 dise\u00f1ado con <strong>dise\u00f1o responsive<\/strong>, por lo que se visualiza correctamente en dispositivos <strong>tablet y m\u00f3viles<\/strong>. En estos dispositivos est\u00e1 optimizado para las \u00faltimas versiones de <strong>Chrome for mobile, Firefox for mobile, Safari mobile, Opera Mini y el navegador nativo de Android<\/strong>.<\/p>\n","protected":false},"excerpt":{"rendered":"<p>Aurora Ses\u00e9 Hern\u00e1ndez se ha comprometido a hacer accesible su sitio web de conformidad con el Real Decreto 1112\/2018, de 7 de septiembre, sobre accesibilidad de los sitios web y aplicaciones para dispositivos m\u00f3viles del sector p\u00fablico. La presente declaraci\u00f3n de accesibilidad se aplica al sitio web:https:\/\/divergentebyutopya.com\/ Situaci\u00f3n de cumplimiento Este sitio web es parcialmente [&hellip;]<\/p>\n","protected":false},"author":1,"featured_media":0,"parent":0,"menu_order":0,"comment_status":"closed","ping_status":"closed","template":"","meta":{"footnotes":""},"class_list":["post-1678","page","type-page","status-publish","hentry"],"_links":{"self":[{"href":"https:\/\/aurorapsicologia.es\/es\/wp-json\/wp\/v2\/pages\/1678","targetHints":{"allow":["GET"]}}],"collection":[{"href":"https:\/\/aurorapsicologia.es\/es\/wp-json\/wp\/v2\/pages"}],"about":[{"href":"https:\/\/aurorapsicologia.es\/es\/wp-json\/wp\/v2\/types\/page"}],"author":[{"embeddable":true,"href":"https:\/\/aurorapsicologia.es\/es\/wp-json\/wp\/v2\/users\/1"}],"replies":[{"embeddable":true,"href":"https:\/\/aurorapsicologia.es\/es\/wp-json\/wp\/v2\/comments?post=1678"}],"version-history":[{"count":1,"href":"https:\/\/aurorapsicologia.es\/es\/wp-json\/wp\/v2\/pages\/1678\/revisions"}],"predecessor-version":[{"id":1679,"href":"https:\/\/aurorapsicologia.es\/es\/wp-json\/wp\/v2\/pages\/1678\/revisions\/1679"}],"wp:attachment":[{"href":"https:\/\/aurorapsicologia.es\/es\/wp-json\/wp\/v2\/media?parent=1678"}],"curies":[{"name":"wp","href":"https:\/\/api.w.org\/{rel}","templated":true}]}}