{"id":1514,"date":"2023-01-25T12:32:10","date_gmt":"2023-01-25T12:32:10","guid":{"rendered":"https:\/\/aurorapsicologia.es\/aviso-legal\/"},"modified":"2026-03-09T08:48:33","modified_gmt":"2026-03-09T08:48:33","slug":"aviso-legal","status":"publish","type":"page","link":"https:\/\/aurorapsicologia.es\/es\/aviso-legal\/","title":{"rendered":"Aviso legal"},"content":{"rendered":"\n<p>En cumplimiento con el deber de informaci\u00f3n establecido en la Ley 34\/2002, de 11 de julio, de Servicios de la Sociedad de la Informaci\u00f3n y de Comercio Electr\u00f3nico (LSSI-CE), se informa que el presente sitio web es titularidad de:<\/p>\n\n<p>Titular: Aurora Sese Hern\u00e1ndez<br\/>DNI: 47675956S<br\/>Direcci\u00f3n: av. Valencia, 6, 1er-1a, 08750 Molins de Rei, Barcelona<br\/>Correo electr\u00f3nico: <a>info@aurorapsicologia.es<\/a><br\/>Tel\u00e9fono: 634 019 575 <\/p>\n\n<p>El acceso y uso de este sitio web atribuye la condici\u00f3n de usuario e implica la aceptaci\u00f3n plena y sin reservas de todas las disposiciones incluidas en este Aviso Legal en el momento en que el usuario acceda al mismo.<\/p>\n\n<p>El usuario se compromete a hacer un uso adecuado de los contenidos y servicios que se ofrecen a trav\u00e9s de la web y no utilizarlos para actividades il\u00edcitas o contrarias a la buena fe y al orden p\u00fablico.<\/p>\n\n<p>Los contenidos del sitio web, incluyendo textos, im\u00e1genes, dise\u00f1os, logos y cualquier otro material, est\u00e1n protegidos por la normativa de propiedad intelectual e industrial. Queda prohibida su reproducci\u00f3n, distribuci\u00f3n o comunicaci\u00f3n p\u00fablica sin la autorizaci\u00f3n expresa de su titular. <\/p>\n\n<p>La titular se reserva el derecho de modificar en cualquier momento y sin previo aviso la presentaci\u00f3n y configuraci\u00f3n de la web, as\u00ed como los contenidos y servicios que se ofrecen.<\/p>\n","protected":false},"excerpt":{"rendered":"<p>En cumplimiento con el deber de informaci\u00f3n establecido en la Ley 34\/2002, de 11 de julio, de Servicios de la Sociedad de la Informaci\u00f3n y de Comercio Electr\u00f3nico (LSSI-CE), se informa que el presente sitio web es titularidad de: Titular: Aurora Sese Hern\u00e1ndezDNI: 47675956SDirecci\u00f3n: av. Valencia, 6, 1er-1a, 08750 Molins de Rei, BarcelonaCorreo electr\u00f3nico: info@aurorapsicologia.esTel\u00e9fono: [&hellip;]<\/p>\n","protected":false},"author":1,"featured_media":0,"parent":0,"menu_order":0,"comment_status":"closed","ping_status":"closed","template":"","meta":{"footnotes":""},"class_list":["post-1514","page","type-page","status-publish","hentry"],"_links":{"self":[{"href":"https:\/\/aurorapsicologia.es\/es\/wp-json\/wp\/v2\/pages\/1514","targetHints":{"allow":["GET"]}}],"collection":[{"href":"https:\/\/aurorapsicologia.es\/es\/wp-json\/wp\/v2\/pages"}],"about":[{"href":"https:\/\/aurorapsicologia.es\/es\/wp-json\/wp\/v2\/types\/page"}],"author":[{"embeddable":true,"href":"https:\/\/aurorapsicologia.es\/es\/wp-json\/wp\/v2\/users\/1"}],"replies":[{"embeddable":true,"href":"https:\/\/aurorapsicologia.es\/es\/wp-json\/wp\/v2\/comments?post=1514"}],"version-history":[{"count":1,"href":"https:\/\/aurorapsicologia.es\/es\/wp-json\/wp\/v2\/pages\/1514\/revisions"}],"predecessor-version":[{"id":1515,"href":"https:\/\/aurorapsicologia.es\/es\/wp-json\/wp\/v2\/pages\/1514\/revisions\/1515"}],"wp:attachment":[{"href":"https:\/\/aurorapsicologia.es\/es\/wp-json\/wp\/v2\/media?parent=1514"}],"curies":[{"name":"wp","href":"https:\/\/api.w.org\/{rel}","templated":true}]}}