{"id":1332,"date":"2026-01-22T17:29:03","date_gmt":"2026-01-22T17:29:03","guid":{"rendered":"https:\/\/aurorapsicologia.es\/servicios\/neurodivergencias\/"},"modified":"2026-03-06T11:20:08","modified_gmt":"2026-03-06T11:20:08","slug":"neurodivergencias","status":"publish","type":"page","link":"https:\/\/aurorapsicologia.es\/es\/servicios\/neurodivergencias\/","title":{"rendered":"Neurodivergencias"},"content":{"rendered":"\t\t<div data-elementor-type=\"wp-page\" data-elementor-id=\"1332\" class=\"elementor elementor-1332 elementor-531\" data-elementor-post-type=\"page\">\n\t\t\t\t<div class=\"elementor-element elementor-element-890b0c5 e-flex e-con-boxed e-con e-parent\" data-id=\"890b0c5\" data-element_type=\"container\" data-e-type=\"container\" data-settings=\"{&quot;background_background&quot;:&quot;classic&quot;}\">\n\t\t\t\t\t<div class=\"e-con-inner\">\n\t\t<div class=\"elementor-element elementor-element-5953c40 e-con-full e-flex e-con e-child\" data-id=\"5953c40\" data-element_type=\"container\" data-e-type=\"container\">\n\t\t\t\t<div class=\"elementor-element elementor-element-2a893ff elementor-widget__width-initial elementor-widget elementor-widget-heading\" data-id=\"2a893ff\" data-element_type=\"widget\" data-e-type=\"widget\" data-widget_type=\"heading.default\">\n\t\t\t\t\t<h1 class=\"elementor-heading-title elementor-size-default\">Condiciones del\nneurodesarrollo<\/h1>\t\t\t\t<\/div>\n\t\t\t\t<div class=\"elementor-element elementor-element-4d129f8 elementor-widget elementor-widget-heading\" data-id=\"4d129f8\" data-element_type=\"widget\" data-e-type=\"widget\" data-widget_type=\"heading.default\">\n\t\t\t\t\t<h2 class=\"elementor-heading-title elementor-size-default\">Entender c\u00f3mo funciona tu cerebro, con claridad y respeto<\/h2>\t\t\t\t<\/div>\n\t\t\t\t<\/div>\n\t\t<div class=\"elementor-element elementor-element-0841e5a e-con-full e-flex e-con e-child\" data-id=\"0841e5a\" data-element_type=\"container\" data-e-type=\"container\">\n\t\t\t\t<div class=\"elementor-element elementor-element-eb0ec4f elementor-widget elementor-widget-text-editor\" data-id=\"eb0ec4f\" data-element_type=\"widget\" data-e-type=\"widget\" data-widget_type=\"text-editor.default\">\n\t\t\t\t\t\t\t\t\t<p>El t\u00e9rmino neurodivergencia hace referencia a las diferencias naturales en c\u00f3mo el cerebro percibe, procesa y responde al mundo. Incluye condiciones como el trastorno por d\u00e9ficit de atenci\u00f3n e hiperactividad (TDAH), el trastorno del espectro autista (TEA), altas capacidades (AACC), la dislexia, la dispraxia, la discalculia, entre otros. Evaluar estas diferencias puede ser un paso fundamental para entender las propias necesidades, mejorar el bienestar y acceder a los soportes adecuados.  <\/p>\t\t\t\t\t\t\t\t<\/div>\n\t\t\t\t<\/div>\n\t\t\t\t\t<\/div>\n\t\t\t\t<\/div>\n\t\t<div class=\"elementor-element elementor-element-717699f e-flex e-con-boxed e-con e-parent\" data-id=\"717699f\" data-element_type=\"container\" data-e-type=\"container\" data-settings=\"{&quot;background_background&quot;:&quot;classic&quot;}\">\n\t\t\t\t\t<div class=\"e-con-inner\">\n\t\t\t\t<div class=\"elementor-element elementor-element-278997a elementor-widget__width-initial elementor-widget elementor-widget-heading\" data-id=\"278997a\" data-element_type=\"widget\" data-e-type=\"widget\" data-widget_type=\"heading.default\">\n\t\t\t\t\t<h2 class=\"elementor-heading-title elementor-size-default\">Neurodivergencias<\/h2>\t\t\t\t<\/div>\n\t\t\t\t<div class=\"elementor-element elementor-element-908bb26 elementor-widget__width-initial elementor-widget elementor-widget-heading\" data-id=\"908bb26\" data-element_type=\"widget\" data-e-type=\"widget\" data-widget_type=\"heading.default\">\n\t\t\t\t\t<h2 class=\"elementor-heading-title elementor-size-default\">Qu\u00e9 te ofrecemos<\/h2>\t\t\t\t<\/div>\n\t\t<div class=\"elementor-element elementor-element-051b19e e-grid e-con-full e-con e-child\" data-id=\"051b19e\" data-element_type=\"container\" data-e-type=\"container\">\n\t\t<div class=\"elementor-element elementor-element-bf0de65 e-con-full e-flex e-con e-child\" data-id=\"bf0de65\" data-element_type=\"container\" data-e-type=\"container\" data-settings=\"{&quot;background_background&quot;:&quot;classic&quot;}\">\n\t\t<div class=\"elementor-element elementor-element-d27d1dd e-con-full e-flex e-con e-child\" data-id=\"d27d1dd\" data-element_type=\"container\" data-e-type=\"container\">\n\t\t\t\t<div class=\"elementor-element elementor-element-6d7a2a0 elementor-widget elementor-widget-heading\" data-id=\"6d7a2a0\" data-element_type=\"widget\" data-e-type=\"widget\" data-widget_type=\"heading.default\">\n\t\t\t\t\t<h2 class=\"elementor-heading-title elementor-size-default\">1<\/h2>\t\t\t\t<\/div>\n\t\t\t\t<div class=\"elementor-element elementor-element-b2fecf1 elementor-widget elementor-widget-heading\" data-id=\"b2fecf1\" data-element_type=\"widget\" data-e-type=\"widget\" data-widget_type=\"heading.default\">\n\t\t\t\t\t<h2 class=\"elementor-heading-title elementor-size-default\">Evaluaci\u00f3n diagn\u00f3stica completa<\/h2>\t\t\t\t<\/div>\n\t\t\t\t<\/div>\n\t\t\t\t<div class=\"elementor-element elementor-element-b973541 elementor-widget elementor-widget-text-editor\" data-id=\"b973541\" data-element_type=\"widget\" data-e-type=\"widget\" data-widget_type=\"text-editor.default\">\n\t\t\t\t\t\t\t\t\t<p>Realizamos entrevistas cl\u00ednicas, cuestionarios, pruebas neuropsicol\u00f3gicas y observaciones para identificar perfiles de neurodesarrollo.<\/p>\t\t\t\t\t\t\t\t<\/div>\n\t\t\t\t<\/div>\n\t\t<div class=\"elementor-element elementor-element-da06abe e-con-full e-flex e-con e-child\" data-id=\"da06abe\" data-element_type=\"container\" data-e-type=\"container\" data-settings=\"{&quot;background_background&quot;:&quot;classic&quot;}\">\n\t\t<div class=\"elementor-element elementor-element-5f79549 e-con-full e-flex e-con e-child\" data-id=\"5f79549\" data-element_type=\"container\" data-e-type=\"container\">\n\t\t\t\t<div class=\"elementor-element elementor-element-9147e05 elementor-widget elementor-widget-heading\" data-id=\"9147e05\" data-element_type=\"widget\" data-e-type=\"widget\" data-widget_type=\"heading.default\">\n\t\t\t\t\t<h2 class=\"elementor-heading-title elementor-size-default\">2<\/h2>\t\t\t\t<\/div>\n\t\t\t\t<div class=\"elementor-element elementor-element-d965fb4 elementor-widget elementor-widget-heading\" data-id=\"d965fb4\" data-element_type=\"widget\" data-e-type=\"widget\" data-widget_type=\"heading.default\">\n\t\t\t\t\t<h2 class=\"elementor-heading-title elementor-size-default\">Informe detallado y orientaci\u00f3n personalizada<\/h2>\t\t\t\t<\/div>\n\t\t\t\t<\/div>\n\t\t\t\t<div class=\"elementor-element elementor-element-0b84341 elementor-widget elementor-widget-text-editor\" data-id=\"0b84341\" data-element_type=\"widget\" data-e-type=\"widget\" data-widget_type=\"text-editor.default\">\n\t\t\t\t\t\t\t\t\t<p data-start=\"1200\" data-end=\"1436\">Ofrecemos un completo informe con resultados, interpretaci\u00f3n y recomendaciones pr\u00e1cticas para el \u00e1mbito escolar, laboral y familiar.<\/p><h3 data-start=\"1438\" data-end=\"1486\"> <\/h3>\t\t\t\t\t\t\t\t<\/div>\n\t\t\t\t<\/div>\n\t\t<div class=\"elementor-element elementor-element-acc1d53 e-con-full e-flex e-con e-child\" data-id=\"acc1d53\" data-element_type=\"container\" data-e-type=\"container\" data-settings=\"{&quot;background_background&quot;:&quot;classic&quot;}\">\n\t\t<div class=\"elementor-element elementor-element-12a0db4 e-con-full e-flex e-con e-child\" data-id=\"12a0db4\" data-element_type=\"container\" data-e-type=\"container\">\n\t\t\t\t<div class=\"elementor-element elementor-element-60d35ce elementor-widget elementor-widget-heading\" data-id=\"60d35ce\" data-element_type=\"widget\" data-e-type=\"widget\" data-widget_type=\"heading.default\">\n\t\t\t\t\t<h2 class=\"elementor-heading-title elementor-size-default\">3<\/h2>\t\t\t\t<\/div>\n\t\t\t\t<div class=\"elementor-element elementor-element-17641c4 elementor-widget elementor-widget-heading\" data-id=\"17641c4\" data-element_type=\"widget\" data-e-type=\"widget\" data-widget_type=\"heading.default\">\n\t\t\t\t\t<h2 class=\"elementor-heading-title elementor-size-default\">Evaluaciones para diferentes etapas de la vida<\/h2>\t\t\t\t<\/div>\n\t\t\t\t<\/div>\n\t\t\t\t<div class=\"elementor-element elementor-element-b00b801 elementor-widget elementor-widget-text-editor\" data-id=\"b00b801\" data-element_type=\"widget\" data-e-type=\"widget\" data-widget_type=\"text-editor.default\">\n\t\t\t\t\t\t\t\t\t<p data-start=\"1487\" data-end=\"1726\">Adaptadas a adultos y adolescentes, teniendo en cuenta el contexto y experiencias de cada persona.<\/p><h3 data-start=\"1438\" data-end=\"1486\"> <\/h3>\t\t\t\t\t\t\t\t<\/div>\n\t\t\t\t<\/div>\n\t\t<div class=\"elementor-element elementor-element-c359b80 e-con-full e-flex e-con e-child\" data-id=\"c359b80\" data-element_type=\"container\" data-e-type=\"container\" data-settings=\"{&quot;background_background&quot;:&quot;classic&quot;}\">\n\t\t<div class=\"elementor-element elementor-element-8d2486c e-con-full e-flex e-con e-child\" data-id=\"8d2486c\" data-element_type=\"container\" data-e-type=\"container\">\n\t\t\t\t<div class=\"elementor-element elementor-element-1a480ff elementor-widget elementor-widget-heading\" data-id=\"1a480ff\" data-element_type=\"widget\" data-e-type=\"widget\" data-widget_type=\"heading.default\">\n\t\t\t\t\t<h2 class=\"elementor-heading-title elementor-size-default\">4<\/h2>\t\t\t\t<\/div>\n\t\t\t\t<div class=\"elementor-element elementor-element-8218d9f elementor-widget elementor-widget-heading\" data-id=\"8218d9f\" data-element_type=\"widget\" data-e-type=\"widget\" data-widget_type=\"heading.default\">\n\t\t\t\t\t<h2 class=\"elementor-heading-title elementor-size-default\">Asesoramiento post-evaluaci\u00f3n<\/h2>\t\t\t\t<\/div>\n\t\t\t\t<\/div>\n\t\t\t\t<div class=\"elementor-element elementor-element-7d09207 elementor-widget elementor-widget-text-editor\" data-id=\"7d09207\" data-element_type=\"widget\" data-e-type=\"widget\" data-widget_type=\"text-editor.default\">\n\t\t\t\t\t\t\t\t\t<p data-start=\"1765\" data-end=\"2001\">Acompa\u00f1amos a las personas y familias despu\u00e9s del diagn\u00f3stico para entender los resultados y orientar sobre los siguientes pasos (intervenci\u00f3n, adaptaciones, recursos, etc.).<\/p><h3 data-start=\"1438\" data-end=\"1486\"> <\/h3>\t\t\t\t\t\t\t\t<\/div>\n\t\t\t\t<\/div>\n\t\t\t\t<\/div>\n\t\t\t\t\t<\/div>\n\t\t\t\t<\/div>\n\t\t<div class=\"elementor-element elementor-element-9fea2ec e-flex e-con-boxed e-con e-parent\" data-id=\"9fea2ec\" data-element_type=\"container\" data-e-type=\"container\">\n\t\t\t\t\t<div class=\"e-con-inner\">\n\t\t<div class=\"elementor-element elementor-element-2556235 e-con-full e-flex e-con e-child\" data-id=\"2556235\" data-element_type=\"container\" data-e-type=\"container\">\n\t\t\t\t<div class=\"elementor-element elementor-element-2fcea66 elementor-widget elementor-widget-image\" data-id=\"2fcea66\" data-element_type=\"widget\" data-e-type=\"widget\" data-widget_type=\"image.default\">\n\t\t\t\t\t\t\t\t\t\t\t\t\t\t\t<img fetchpriority=\"high\" decoding=\"async\" width=\"800\" height=\"534\" src=\"https:\/\/aurorapsicologia.es\/wp-content\/uploads\/2026\/02\/aurora-psicologia-molins-de-rei-neurodivergentes-1024x684.jpg\" class=\"attachment-large size-large wp-image-1331\" alt=\"psicolog\u00eda para personas neurodivergentes\" srcset=\"https:\/\/aurorapsicologia.es\/wp-content\/uploads\/2026\/02\/aurora-psicologia-molins-de-rei-neurodivergentes-1024x684.jpg 1024w, https:\/\/aurorapsicologia.es\/wp-content\/uploads\/2026\/02\/aurora-psicologia-molins-de-rei-neurodivergentes-300x200.jpg 300w, https:\/\/aurorapsicologia.es\/wp-content\/uploads\/2026\/02\/aurora-psicologia-molins-de-rei-neurodivergentes-768x513.jpg 768w, https:\/\/aurorapsicologia.es\/wp-content\/uploads\/2026\/02\/aurora-psicologia-molins-de-rei-neurodivergentes.jpg 1200w\" sizes=\"(max-width: 800px) 100vw, 800px\" \/>\t\t\t\t\t\t\t\t\t\t\t\t\t\t\t<\/div>\n\t\t\t\t<\/div>\n\t\t<div class=\"elementor-element elementor-element-ab79351 e-con-full e-flex e-con e-child\" data-id=\"ab79351\" data-element_type=\"container\" data-e-type=\"container\">\n\t\t\t\t<div class=\"elementor-element elementor-element-3c792b7 elementor-widget__width-initial elementor-widget elementor-widget-heading\" data-id=\"3c792b7\" data-element_type=\"widget\" data-e-type=\"widget\" data-widget_type=\"heading.default\">\n\t\t\t\t\t<h2 class=\"elementor-heading-title elementor-size-default\">Nuestro enfoque<\/h2>\t\t\t\t<\/div>\n\t\t\t\t<div class=\"elementor-element elementor-element-2ab71ee elementor-widget elementor-widget-text-editor\" data-id=\"2ab71ee\" data-element_type=\"widget\" data-e-type=\"widget\" data-widget_type=\"text-editor.default\">\n\t\t\t\t\t\t\t\t\t<p data-start=\"2040\" data-end=\"2397\">Trabajamos desde una mirada basada en el <strong data-start=\"2080\" data-end=\"2092\">respeto<\/strong>, la <strong data-start=\"2097\" data-end=\"2111\">comprensi\u00f3n<\/strong> y la <strong data-start=\"2117\" data-end=\"2130\">valoraci\u00f3n<\/strong> de la diversidad neurol\u00f3gica. Creemos que no existe una manera \u00fanica de pensar, aprender o sentir, y que cada cerebro aporta una perspectiva propia y valiosa.<br data-start=\"2287\" data-end=\"2290\">El objetivo no es \u00abencajar\u00bb, sino entenderse mejor y construir entornos y herramientas que faciliten el d\u00eda a d\u00eda. <\/p>\t\t\t\t\t\t\t\t<\/div>\n\t\t\t\t<div class=\"elementor-element elementor-element-ad7c763 elementor-widget__width-initial elementor-widget elementor-widget-heading\" data-id=\"ad7c763\" data-element_type=\"widget\" data-e-type=\"widget\" data-widget_type=\"heading.default\">\n\t\t\t\t\t<h2 class=\"elementor-heading-title elementor-size-default\">Por qu\u00e9 hacer una evaluaci\u00f3n<\/h2>\t\t\t\t<\/div>\n\t\t\t\t<div class=\"elementor-element elementor-element-fb015f9 elementor-widget elementor-widget-text-editor\" data-id=\"fb015f9\" data-element_type=\"widget\" data-e-type=\"widget\" data-widget_type=\"text-editor.default\">\n\t\t\t\t\t\t\t\t\t<p data-start=\"2441\" data-end=\"2475\">Hacer una evaluaci\u00f3n puede ayudarte en:<\/p>\t\t\t\t\t\t\t\t<\/div>\n\t\t\t\t<div class=\"elementor-element elementor-element-f2f29e6 elementor-icon-list--layout-traditional elementor-list-item-link-full_width elementor-widget elementor-widget-icon-list\" data-id=\"f2f29e6\" data-element_type=\"widget\" data-e-type=\"widget\" data-widget_type=\"icon-list.default\">\n\t\t\t\t\t\t\t<ul class=\"elementor-icon-list-items\">\n\t\t\t\t\t\t\t<li class=\"elementor-icon-list-item\">\n\t\t\t\t\t\t\t\t\t\t\t<span class=\"elementor-icon-list-icon\">\n\t\t\t\t\t\t\t<svg aria-hidden=\"true\" class=\"e-font-icon-svg e-fas-circle\" viewBox=\"0 0 512 512\" xmlns=\"http:\/\/www.w3.org\/2000\/svg\"><path d=\"M256 8C119 8 8 119 8 256s111 248 248 248 248-111 248-248S393 8 256 8z\"><\/path><\/svg>\t\t\t\t\t\t<\/span>\n\t\t\t\t\t\t\t\t\t\t<span class=\"elementor-icon-list-text\"><b>Obtener claridad<\/b> sobre dificultades y fortalezas.<\/span>\n\t\t\t\t\t\t\t\t\t<\/li>\n\t\t\t\t\t\t\t\t<li class=\"elementor-icon-list-item\">\n\t\t\t\t\t\t\t\t\t\t\t<span class=\"elementor-icon-list-icon\">\n\t\t\t\t\t\t\t<svg aria-hidden=\"true\" class=\"e-font-icon-svg e-fas-circle\" viewBox=\"0 0 512 512\" xmlns=\"http:\/\/www.w3.org\/2000\/svg\"><path d=\"M256 8C119 8 8 119 8 256s111 248 248 248 248-111 248-248S393 8 256 8z\"><\/path><\/svg>\t\t\t\t\t\t<\/span>\n\t\t\t\t\t\t\t\t\t\t<span class=\"elementor-icon-list-text\"><b>Acceder a soportes<\/b> educativos o laborales adecuados.<\/span>\n\t\t\t\t\t\t\t\t\t<\/li>\n\t\t\t\t\t\t\t\t<li class=\"elementor-icon-list-item\">\n\t\t\t\t\t\t\t\t\t\t\t<span class=\"elementor-icon-list-icon\">\n\t\t\t\t\t\t\t<svg aria-hidden=\"true\" class=\"e-font-icon-svg e-fas-circle\" viewBox=\"0 0 512 512\" xmlns=\"http:\/\/www.w3.org\/2000\/svg\"><path d=\"M256 8C119 8 8 119 8 256s111 248 248 248 248-111 248-248S393 8 256 8z\"><\/path><\/svg>\t\t\t\t\t\t<\/span>\n\t\t\t\t\t\t\t\t\t\t<span class=\"elementor-icon-list-text\">Mejorar el <b>autoconocimiento y la autoaceptaci\u00f3n<\/b>.<\/span>\n\t\t\t\t\t\t\t\t\t<\/li>\n\t\t\t\t\t\t\t\t<li class=\"elementor-icon-list-item\">\n\t\t\t\t\t\t\t\t\t\t\t<span class=\"elementor-icon-list-icon\">\n\t\t\t\t\t\t\t<svg aria-hidden=\"true\" class=\"e-font-icon-svg e-fas-circle\" viewBox=\"0 0 512 512\" xmlns=\"http:\/\/www.w3.org\/2000\/svg\"><path d=\"M256 8C119 8 8 119 8 256s111 248 248 248 248-111 248-248S393 8 256 8z\"><\/path><\/svg>\t\t\t\t\t\t<\/span>\n\t\t\t\t\t\t\t\t\t\t<span class=\"elementor-icon-list-text\">Planificar <b>estrategias de intervenci\u00f3n<\/b> ajustadas a la persona y su contexto.<\/span>\n\t\t\t\t\t\t\t\t\t<\/li>\n\t\t\t\t\t\t<\/ul>\n\t\t\t\t\t\t<\/div>\n\t\t\t\t<\/div>\n\t\t\t\t\t<\/div>\n\t\t\t\t<\/div>\n\t\t<div class=\"elementor-element elementor-element-093789e e-flex e-con-boxed e-con e-parent\" data-id=\"093789e\" data-element_type=\"container\" data-e-type=\"container\" data-settings=\"{&quot;background_background&quot;:&quot;classic&quot;}\">\n\t\t\t\t\t<div class=\"e-con-inner\">\n\t\t\t\t<div class=\"elementor-element elementor-element-53ba807 elementor-widget__width-initial elementor-widget elementor-widget-heading\" data-id=\"53ba807\" data-element_type=\"widget\" data-e-type=\"widget\" data-widget_type=\"heading.default\">\n\t\t\t\t\t<h2 class=\"elementor-heading-title elementor-size-default\">\u00bfQuieres dar el primer paso?<\/h2>\t\t\t\t<\/div>\n\t\t\t\t<div class=\"elementor-element elementor-element-05ce326 elementor-widget elementor-widget-heading\" data-id=\"05ce326\" data-element_type=\"widget\" data-e-type=\"widget\" data-widget_type=\"heading.default\">\n\t\t\t\t\t<p class=\"elementor-heading-title elementor-size-default\">Si tienes dudas sobre tu perfil o necesitas orientaci\u00f3n, podemos valorar tu caso y explicarte c\u00f3mo ser\u00eda el proceso de evaluaci\u00f3n. Cont\u00e1ctanos para concertar una primera visita.<\/p>\t\t\t\t<\/div>\n\t\t\t\t<div class=\"elementor-element elementor-element-f6b8357 elementor-widget elementor-widget-button\" data-id=\"f6b8357\" data-element_type=\"widget\" data-e-type=\"widget\" data-widget_type=\"button.default\">\n\t\t\t\t\t\t\t\t\t\t<a class=\"elementor-button elementor-button-link elementor-size-sm\" href=\"#contacto\">\n\t\t\t\t\t\t<span class=\"elementor-button-content-wrapper\">\n\t\t\t\t\t\t\t\t\t<span class=\"elementor-button-text\">Reservar cita<\/span>\n\t\t\t\t\t<\/span>\n\t\t\t\t\t<\/a>\n\t\t\t\t\t\t\t\t<\/div>\n\t\t\t\t\t<\/div>\n\t\t\t\t<\/div>\n\t\t\t\t<\/div>\n\t\t","protected":false},"excerpt":{"rendered":"<p>Condiciones del neurodesarrollo Entender c\u00f3mo funciona tu cerebro, con claridad y respeto El t\u00e9rmino neurodivergencia hace referencia a las diferencias naturales en c\u00f3mo el cerebro percibe, procesa y responde al mundo. Incluye condiciones como el trastorno por d\u00e9ficit de atenci\u00f3n e hiperactividad (TDAH), el trastorno del espectro autista (TEA), altas capacidades (AACC), la dislexia, la [&hellip;]<\/p>\n","protected":false},"author":1,"featured_media":0,"parent":1284,"menu_order":0,"comment_status":"closed","ping_status":"closed","template":"elementor_header_footer","meta":{"footnotes":""},"class_list":["post-1332","page","type-page","status-publish","hentry"],"_links":{"self":[{"href":"https:\/\/aurorapsicologia.es\/es\/wp-json\/wp\/v2\/pages\/1332","targetHints":{"allow":["GET"]}}],"collection":[{"href":"https:\/\/aurorapsicologia.es\/es\/wp-json\/wp\/v2\/pages"}],"about":[{"href":"https:\/\/aurorapsicologia.es\/es\/wp-json\/wp\/v2\/types\/page"}],"author":[{"embeddable":true,"href":"https:\/\/aurorapsicologia.es\/es\/wp-json\/wp\/v2\/users\/1"}],"replies":[{"embeddable":true,"href":"https:\/\/aurorapsicologia.es\/es\/wp-json\/wp\/v2\/comments?post=1332"}],"version-history":[{"count":1,"href":"https:\/\/aurorapsicologia.es\/es\/wp-json\/wp\/v2\/pages\/1332\/revisions"}],"predecessor-version":[{"id":1336,"href":"https:\/\/aurorapsicologia.es\/es\/wp-json\/wp\/v2\/pages\/1332\/revisions\/1336"}],"up":[{"embeddable":true,"href":"https:\/\/aurorapsicologia.es\/es\/wp-json\/wp\/v2\/pages\/1284"}],"wp:attachment":[{"href":"https:\/\/aurorapsicologia.es\/es\/wp-json\/wp\/v2\/media?parent=1332"}],"curies":[{"name":"wp","href":"https:\/\/api.w.org\/{rel}","templated":true}]}}