{"id":1323,"date":"2026-01-24T09:37:00","date_gmt":"2026-01-24T09:37:00","guid":{"rendered":"https:\/\/aurorapsicologia.es\/servicios\/psicologia-forense\/"},"modified":"2026-03-06T11:08:53","modified_gmt":"2026-03-06T11:08:53","slug":"psicologia-forense","status":"publish","type":"page","link":"https:\/\/aurorapsicologia.es\/es\/servicios\/psicologia-forense\/","title":{"rendered":"Psicolog\u00eda Forense"},"content":{"rendered":"\t\t<div data-elementor-type=\"wp-page\" data-elementor-id=\"1323\" class=\"elementor elementor-1323 elementor-594\" data-elementor-post-type=\"page\">\n\t\t\t\t<div class=\"elementor-element elementor-element-d02cf24 e-flex e-con-boxed e-con e-parent\" data-id=\"d02cf24\" data-element_type=\"container\" data-e-type=\"container\" data-settings=\"{&quot;background_background&quot;:&quot;classic&quot;}\">\n\t\t\t\t\t<div class=\"e-con-inner\">\n\t\t<div class=\"elementor-element elementor-element-7c20144 e-con-full e-flex e-con e-child\" data-id=\"7c20144\" data-element_type=\"container\" data-e-type=\"container\">\n\t\t\t\t<div class=\"elementor-element elementor-element-1314df7 elementor-widget__width-initial elementor-widget elementor-widget-heading\" data-id=\"1314df7\" data-element_type=\"widget\" data-e-type=\"widget\" data-widget_type=\"heading.default\">\n\t\t\t\t\t<h2 class=\"elementor-heading-title elementor-size-default\">Psicologia forense<\/h2>\t\t\t\t<\/div>\n\t\t\t\t<div class=\"elementor-element elementor-element-24f0c29 elementor-widget elementor-widget-heading\" data-id=\"24f0c29\" data-element_type=\"widget\" data-e-type=\"widget\" data-widget_type=\"heading.default\">\n\t\t\t\t\t<h2 class=\"elementor-heading-title elementor-size-default\">Informes periciales psicol\u00f3gicos con rigor, objetividad y claridad<\/h2>\t\t\t\t<\/div>\n\t\t\t\t<\/div>\n\t\t<div class=\"elementor-element elementor-element-eeb88bb e-con-full e-flex e-con e-child\" data-id=\"eeb88bb\" data-element_type=\"container\" data-e-type=\"container\">\n\t\t\t\t<div class=\"elementor-element elementor-element-f2a9c07 elementor-widget elementor-widget-text-editor\" data-id=\"f2a9c07\" data-element_type=\"widget\" data-e-type=\"widget\" data-widget_type=\"text-editor.default\">\n\t\t\t\t\t\t\t\t\t<p>La psicolog\u00eda forense es la rama de la psicolog\u00eda que aplica el conocimiento cient\u00edfico y t\u00e9cnico al contexto judicial. En el centro Aurora Psicolog\u00eda, el servicio de psicolog\u00eda forense est\u00e1 formado por profesionales especializados en la evaluaci\u00f3n psicol\u00f3gica y la elaboraci\u00f3n de informes periciales. <\/p><p>Trabajamos de forma coordinada con abogados, juzgados y particulares para ofrecer un servicio riguroso, de calidad y ajustado a las necesidades del procedimiento. El objetivo es aportar una visi\u00f3n profesional, objetiva e imparcial que facilite la toma de decisiones en procesos legales. <\/p>\t\t\t\t\t\t\t\t<\/div>\n\t\t\t\t<\/div>\n\t\t\t\t\t<\/div>\n\t\t\t\t<\/div>\n\t\t<div class=\"elementor-element elementor-element-4b05cc1 e-flex e-con-boxed e-con e-parent\" data-id=\"4b05cc1\" data-element_type=\"container\" data-e-type=\"container\" data-settings=\"{&quot;background_background&quot;:&quot;classic&quot;}\">\n\t\t\t\t\t<div class=\"e-con-inner\">\n\t\t\t\t<div class=\"elementor-element elementor-element-7f13196 elementor-widget__width-initial elementor-widget elementor-widget-heading\" data-id=\"7f13196\" data-element_type=\"widget\" data-e-type=\"widget\" data-widget_type=\"heading.default\">\n\t\t\t\t\t<h2 class=\"elementor-heading-title elementor-size-default\">\u00c1mbitos de intervenci\u00f3n<\/h2>\t\t\t\t<\/div>\n\t\t\t\t<div class=\"elementor-element elementor-element-ec8199b elementor-widget__width-initial elementor-widget elementor-widget-heading\" data-id=\"ec8199b\" data-element_type=\"widget\" data-e-type=\"widget\" data-widget_type=\"heading.default\">\n\t\t\t\t\t<h2 class=\"elementor-heading-title elementor-size-default\">Informes y asesoramiento en tres \u00e1mbitos legales<\/h2>\t\t\t\t<\/div>\n\t\t<div class=\"elementor-element elementor-element-616395e e-grid e-con-full e-con e-child\" data-id=\"616395e\" data-element_type=\"container\" data-e-type=\"container\">\n\t\t<div class=\"elementor-element elementor-element-3602dd7 e-con-full e-flex e-con e-child\" data-id=\"3602dd7\" data-element_type=\"container\" data-e-type=\"container\" data-settings=\"{&quot;background_background&quot;:&quot;classic&quot;}\">\n\t\t<div class=\"elementor-element elementor-element-71e6784 e-con-full e-flex e-con e-child\" data-id=\"71e6784\" data-element_type=\"container\" data-e-type=\"container\">\n\t\t\t\t<div class=\"elementor-element elementor-element-63c5304 elementor-widget elementor-widget-heading\" data-id=\"63c5304\" data-element_type=\"widget\" data-e-type=\"widget\" data-widget_type=\"heading.default\">\n\t\t\t\t\t<h2 class=\"elementor-heading-title elementor-size-default\">1<\/h2>\t\t\t\t<\/div>\n\t\t\t\t<div class=\"elementor-element elementor-element-ec6e09f elementor-widget elementor-widget-heading\" data-id=\"ec6e09f\" data-element_type=\"widget\" data-e-type=\"widget\" data-widget_type=\"heading.default\">\n\t\t\t\t\t<h2 class=\"elementor-heading-title elementor-size-default\">Evaluaci\u00f3n diagn\u00f3stica completa<\/h2>\t\t\t\t<\/div>\n\t\t\t\t<\/div>\n\t\t\t\t<div class=\"elementor-element elementor-element-1871c99 elementor-widget elementor-widget-heading\" data-id=\"1871c99\" data-element_type=\"widget\" data-e-type=\"widget\" data-widget_type=\"heading.default\">\n\t\t\t\t\t<h2 class=\"elementor-heading-title elementor-size-default\">Encausado\/a<\/h2>\t\t\t\t<\/div>\n\t\t\t\t<div class=\"elementor-element elementor-element-0a8e2dd elementor-widget elementor-widget-text-editor\" data-id=\"0a8e2dd\" data-element_type=\"widget\" data-e-type=\"widget\" data-widget_type=\"text-editor.default\">\n\t\t\t\t\t\t\t\t\t<p>Evaluaci\u00f3n de aspectos relacionados con las capacidades cognitivas y volitivas, as\u00ed como la valoraci\u00f3n del riesgo de violencia (f\u00edsica, sexual o psicol\u00f3gica), siempre mediante herramientas validadas y criterios t\u00e9cnicos.<\/p>\t\t\t\t\t\t\t\t<\/div>\n\t\t\t\t<div class=\"elementor-element elementor-element-a2f44cd elementor-widget elementor-widget-heading\" data-id=\"a2f44cd\" data-element_type=\"widget\" data-e-type=\"widget\" data-widget_type=\"heading.default\">\n\t\t\t\t\t<h2 class=\"elementor-heading-title elementor-size-default\">V\u00edctima<\/h2>\t\t\t\t<\/div>\n\t\t\t\t<div class=\"elementor-element elementor-element-09b4f51 elementor-widget elementor-widget-text-editor\" data-id=\"09b4f51\" data-element_type=\"widget\" data-e-type=\"widget\" data-widget_type=\"text-editor.default\">\n\t\t\t\t\t\t\t\t\t<p>Valoraci\u00f3n de secuelas psicol\u00f3gicas y de su impacto en distintas esferas (personal, social, familiar\u2026). Tambi\u00e9n puede incluirse el an\u00e1lisis de la <strong data-start=\"1367\" data-end=\"1401\">credibilidad del testimonio<\/strong> y el estudio de posibles indicadores de simulaci\u00f3n, cuando sea pertinente. <\/p>\t\t\t\t\t\t\t\t<\/div>\n\t\t\t\t<\/div>\n\t\t<div class=\"elementor-element elementor-element-378e6f3 e-con-full e-flex e-con e-child\" data-id=\"378e6f3\" data-element_type=\"container\" data-e-type=\"container\" data-settings=\"{&quot;background_background&quot;:&quot;classic&quot;}\">\n\t\t<div class=\"elementor-element elementor-element-c068c56 e-con-full e-flex e-con e-child\" data-id=\"c068c56\" data-element_type=\"container\" data-e-type=\"container\">\n\t\t\t\t<div class=\"elementor-element elementor-element-b8e48e9 elementor-widget elementor-widget-heading\" data-id=\"b8e48e9\" data-element_type=\"widget\" data-e-type=\"widget\" data-widget_type=\"heading.default\">\n\t\t\t\t\t<h2 class=\"elementor-heading-title elementor-size-default\">2<\/h2>\t\t\t\t<\/div>\n\t\t\t\t<div class=\"elementor-element elementor-element-e093d93 elementor-widget elementor-widget-heading\" data-id=\"e093d93\" data-element_type=\"widget\" data-e-type=\"widget\" data-widget_type=\"heading.default\">\n\t\t\t\t\t<h2 class=\"elementor-heading-title elementor-size-default\">\u00c1mbito familiar<\/h2>\t\t\t\t<\/div>\n\t\t\t\t<\/div>\n\t\t\t\t<div class=\"elementor-element elementor-element-aae3b09 elementor-widget elementor-widget-text-editor\" data-id=\"aae3b09\" data-element_type=\"widget\" data-e-type=\"widget\" data-widget_type=\"text-editor.default\">\n\t\t\t\t\t\t\t\t\t<p data-start=\"1501\" data-end=\"1597\">Realizamos valoraciones orientadas a aportar informaci\u00f3n t\u00e9cnica en procesos familiares, tales como:<\/p><ul data-start=\"1598\" data-end=\"1734\"><li data-start=\"1598\" data-end=\"1629\"><p data-start=\"1600\" data-end=\"1629\"><strong data-start=\"1600\" data-end=\"1627\">Competencias parentales.<\/strong><\/p><\/li><li data-start=\"1630\" data-end=\"1734\"><p data-start=\"1632\" data-end=\"1734\"><strong data-start=\"1632\" data-end=\"1665\">Idoneidad del modelo de guardia<\/strong>, r\u00e9gimen de estancias y <strong data-start=\"1685\" data-end=\"1708\">plan de parentalidad<\/strong> para ni\u00f1os y adolescentes.<\/p><\/li><\/ul>\t\t\t\t\t\t\t\t<\/div>\n\t\t\t\t<\/div>\n\t\t<div class=\"elementor-element elementor-element-b689a85 e-con-full e-flex e-con e-child\" data-id=\"b689a85\" data-element_type=\"container\" data-e-type=\"container\" data-settings=\"{&quot;background_background&quot;:&quot;classic&quot;}\">\n\t\t<div class=\"elementor-element elementor-element-4ce5d10 e-con-full e-flex e-con e-child\" data-id=\"4ce5d10\" data-element_type=\"container\" data-e-type=\"container\">\n\t\t\t\t<div class=\"elementor-element elementor-element-e84bc22 elementor-widget elementor-widget-heading\" data-id=\"e84bc22\" data-element_type=\"widget\" data-e-type=\"widget\" data-widget_type=\"heading.default\">\n\t\t\t\t\t<h2 class=\"elementor-heading-title elementor-size-default\">3<\/h2>\t\t\t\t<\/div>\n\t\t\t\t<div class=\"elementor-element elementor-element-80eb284 elementor-widget elementor-widget-heading\" data-id=\"80eb284\" data-element_type=\"widget\" data-e-type=\"widget\" data-widget_type=\"heading.default\">\n\t\t\t\t\t<h2 class=\"elementor-heading-title elementor-size-default\">\u00c1mbito civil, laboral y social<\/h2>\t\t\t\t<\/div>\n\t\t\t\t<\/div>\n\t\t\t\t<div class=\"elementor-element elementor-element-59f4df1 elementor-widget elementor-widget-text-editor\" data-id=\"59f4df1\" data-element_type=\"widget\" data-e-type=\"widget\" data-widget_type=\"text-editor.default\">\n\t\t\t\t\t\t\t\t\t<p data-start=\"1778\" data-end=\"1824\">Evaluaciones psicol\u00f3gicas en situaciones como:<\/p><ul data-start=\"1825\" data-end=\"2174\"><li data-start=\"1825\" data-end=\"1861\"><p data-start=\"1827\" data-end=\"1861\"><strong data-start=\"1827\" data-end=\"1859\">Capacidad de actuar o testar.<\/strong><\/p><\/li><li data-start=\"1862\" data-end=\"1890\"><p data-start=\"1864\" data-end=\"1890\"><strong data-start=\"1864\" data-end=\"1888\">Incapacidad laboral.<\/strong><\/p><\/li><li data-start=\"1891\" data-end=\"1986\"><p data-start=\"1893\" data-end=\"1986\"><strong data-start=\"1893\" data-end=\"1929\">Secuelas de accidentes de tr\u00e1fico<\/strong>: valoraci\u00f3n del da\u00f1o psicol\u00f3gico y su cuantificaci\u00f3n.<\/p><\/li><li data-start=\"1987\" data-end=\"2093\"><p data-start=\"1989\" data-end=\"2093\">Acoso laboral (mobbing): an\u00e1lisis de la situaci\u00f3n y repercusiones psicol\u00f3gicas en la v\u00edctima.<\/p><\/li><li data-start=\"2094\" data-end=\"2174\"><p data-start=\"2096\" data-end=\"2174\">Otras intervenciones en las que se requieran valoraciones psicol\u00f3gicas espec\u00edficas.<\/p><\/li><\/ul>\t\t\t\t\t\t\t\t<\/div>\n\t\t\t\t<\/div>\n\t\t\t\t<\/div>\n\t\t\t\t\t<\/div>\n\t\t\t\t<\/div>\n\t\t<div class=\"elementor-element elementor-element-974a4ad e-flex e-con-boxed e-con e-parent\" data-id=\"974a4ad\" data-element_type=\"container\" data-e-type=\"container\">\n\t\t\t\t\t<div class=\"e-con-inner\">\n\t\t<div class=\"elementor-element elementor-element-e9b2732 e-con-full e-flex e-con e-child\" data-id=\"e9b2732\" data-element_type=\"container\" data-e-type=\"container\">\n\t\t\t\t<div class=\"elementor-element elementor-element-0e49f2e elementor-widget elementor-widget-image\" data-id=\"0e49f2e\" data-element_type=\"widget\" data-e-type=\"widget\" data-widget_type=\"image.default\">\n\t\t\t\t\t\t\t\t\t\t\t\t\t\t\t<img fetchpriority=\"high\" decoding=\"async\" width=\"800\" height=\"534\" src=\"https:\/\/aurorapsicologia.es\/wp-content\/uploads\/2026\/01\/psicologia-forense-1024x683.jpg\" class=\"attachment-large size-large wp-image-1274\" alt=\"\" srcset=\"https:\/\/aurorapsicologia.es\/wp-content\/uploads\/2026\/01\/psicologia-forense-1024x683.jpg 1024w, https:\/\/aurorapsicologia.es\/wp-content\/uploads\/2026\/01\/psicologia-forense-300x200.jpg 300w, https:\/\/aurorapsicologia.es\/wp-content\/uploads\/2026\/01\/psicologia-forense-768x512.jpg 768w, https:\/\/aurorapsicologia.es\/wp-content\/uploads\/2026\/01\/psicologia-forense.jpg 1200w\" sizes=\"(max-width: 800px) 100vw, 800px\" \/>\t\t\t\t\t\t\t\t\t\t\t\t\t\t\t<\/div>\n\t\t\t\t<\/div>\n\t\t<div class=\"elementor-element elementor-element-91f58ae e-con-full e-flex e-con e-child\" data-id=\"91f58ae\" data-element_type=\"container\" data-e-type=\"container\">\n\t\t\t\t<div class=\"elementor-element elementor-element-69c377e elementor-widget__width-initial elementor-widget elementor-widget-heading\" data-id=\"69c377e\" data-element_type=\"widget\" data-e-type=\"widget\" data-widget_type=\"heading.default\">\n\t\t\t\t\t<h2 class=\"elementor-heading-title elementor-size-default\">C\u00f3mo trabajamos<\/h2>\t\t\t\t<\/div>\n\t\t\t\t<div class=\"elementor-element elementor-element-5a08574 elementor-widget elementor-widget-text-editor\" data-id=\"5a08574\" data-element_type=\"widget\" data-e-type=\"widget\" data-widget_type=\"text-editor.default\">\n\t\t\t\t\t\t\t\t\t<p data-start=\"2040\" data-end=\"2397\">Aunque cada caso es \u00fanico y personalizado, seguimos una estructura clara que nos permite avanzar con orden, rigor y sentido:<\/p>\t\t\t\t\t\t\t\t<\/div>\n\t\t\t\t<div class=\"elementor-element elementor-element-b6d4f30 elementor-widget__width-initial elementor-widget elementor-widget-heading\" data-id=\"b6d4f30\" data-element_type=\"widget\" data-e-type=\"widget\" data-widget_type=\"heading.default\">\n\t\t\t\t\t<h2 class=\"elementor-heading-title elementor-size-default\">1. Primera entrevista<\/h2>\t\t\t\t<\/div>\n\t\t\t\t<div class=\"elementor-element elementor-element-6376931 elementor-widget elementor-widget-text-editor\" data-id=\"6376931\" data-element_type=\"widget\" data-e-type=\"widget\" data-widget_type=\"text-editor.default\">\n\t\t\t\t\t\t\t\t\t<p>Recogida de informaci\u00f3n, objetivos de la demanda y revisi\u00f3n de documentaci\u00f3n relevante.<\/p>\t\t\t\t\t\t\t\t<\/div>\n\t\t\t\t<div class=\"elementor-element elementor-element-c728728 elementor-widget__width-initial elementor-widget elementor-widget-heading\" data-id=\"c728728\" data-element_type=\"widget\" data-e-type=\"widget\" data-widget_type=\"heading.default\">\n\t\t\t\t\t<h2 class=\"elementor-heading-title elementor-size-default\">2. Evaluaci\u00f3n psicol\u00f3gica<\/h2>\t\t\t\t<\/div>\n\t\t\t\t<div class=\"elementor-element elementor-element-69b3867 elementor-widget elementor-widget-text-editor\" data-id=\"69b3867\" data-element_type=\"widget\" data-e-type=\"widget\" data-widget_type=\"text-editor.default\">\n\t\t\t\t\t\t\t\t\t<p>Aplicaci\u00f3n de pruebas, test e instrumentos validados cient\u00edficamente, y entrevistas cl\u00ednicas cuando sea necesario.<\/p>\t\t\t\t\t\t\t\t<\/div>\n\t\t\t\t<div class=\"elementor-element elementor-element-582d02d elementor-widget__width-initial elementor-widget elementor-widget-heading\" data-id=\"582d02d\" data-element_type=\"widget\" data-e-type=\"widget\" data-widget_type=\"heading.default\">\n\t\t\t\t\t<h2 class=\"elementor-heading-title elementor-size-default\">3. An\u00e1lisis e interpretaci\u00f3n\n<\/h2>\t\t\t\t<\/div>\n\t\t\t\t<div class=\"elementor-element elementor-element-4818ab6 elementor-widget elementor-widget-text-editor\" data-id=\"4818ab6\" data-element_type=\"widget\" data-e-type=\"widget\" data-widget_type=\"text-editor.default\">\n\t\t\t\t\t\t\t\t\t<p>Integraci\u00f3n de los resultados y contextualizaci\u00f3n seg\u00fan el caso y procedimiento judicial.<\/p>\t\t\t\t\t\t\t\t<\/div>\n\t\t\t\t<div class=\"elementor-element elementor-element-ee2cede elementor-widget__width-initial elementor-widget elementor-widget-heading\" data-id=\"ee2cede\" data-element_type=\"widget\" data-e-type=\"widget\" data-widget_type=\"heading.default\">\n\t\t\t\t\t<h2 class=\"elementor-heading-title elementor-size-default\">4. Elaboraci\u00f3n del informe pericial\n<\/h2>\t\t\t\t<\/div>\n\t\t\t\t<div class=\"elementor-element elementor-element-ea63d31 elementor-widget elementor-widget-text-editor\" data-id=\"ea63d31\" data-element_type=\"widget\" data-e-type=\"widget\" data-widget_type=\"text-editor.default\">\n\t\t\t\t\t\t\t\t\t<p>Redacci\u00f3n de un informe claro, completo y ajustado a los criterios t\u00e9cnicos y demanda del procedimiento.<\/p>\t\t\t\t\t\t\t\t<\/div>\n\t\t\t\t<div class=\"elementor-element elementor-element-31d9fba elementor-widget__width-initial elementor-widget elementor-widget-heading\" data-id=\"31d9fba\" data-element_type=\"widget\" data-e-type=\"widget\" data-widget_type=\"heading.default\">\n\t\t\t\t\t<h2 class=\"elementor-heading-title elementor-size-default\">5. Ratificaci\u00f3n judicial (si es requerida)<\/h2>\t\t\t\t<\/div>\n\t\t\t\t<div class=\"elementor-element elementor-element-ce7403d elementor-widget elementor-widget-text-editor\" data-id=\"ce7403d\" data-element_type=\"widget\" data-e-type=\"widget\" data-widget_type=\"text-editor.default\">\n\t\t\t\t\t\t\t\t\t<p>Comparecencia por ratificar el informe ante el tribunal, cuando el proceso lo requiera.<\/p>\t\t\t\t\t\t\t\t<\/div>\n\t\t\t\t<\/div>\n\t\t\t\t\t<\/div>\n\t\t\t\t<\/div>\n\t\t<div class=\"elementor-element elementor-element-9c01731 e-flex e-con-boxed e-con e-parent\" data-id=\"9c01731\" data-element_type=\"container\" data-e-type=\"container\" data-settings=\"{&quot;background_background&quot;:&quot;classic&quot;}\">\n\t\t\t\t\t<div class=\"e-con-inner\">\n\t\t\t\t<div class=\"elementor-element elementor-element-ec89322 elementor-widget__width-initial elementor-widget elementor-widget-heading\" data-id=\"ec89322\" data-element_type=\"widget\" data-e-type=\"widget\" data-widget_type=\"heading.default\">\n\t\t\t\t\t<h2 class=\"elementor-heading-title elementor-size-default\">\u00bfQuieres realizar una consulta?<\/h2>\t\t\t\t<\/div>\n\t\t\t\t<div class=\"elementor-element elementor-element-974f789 elementor-widget elementor-widget-heading\" data-id=\"974f789\" data-element_type=\"widget\" data-e-type=\"widget\" data-widget_type=\"heading.default\">\n\t\t\t\t\t<p class=\"elementor-heading-title elementor-size-default\">Si necesitas un informe pericial u orientaci\u00f3n sobre qu\u00e9 tipo de evaluaci\u00f3n es la m\u00e1s adecuada, puedes contactar con nosotros para valorar el caso y explicarte el proceso.<\/p>\t\t\t\t<\/div>\n\t\t\t\t<div class=\"elementor-element elementor-element-6f7e4b7 elementor-widget elementor-widget-button\" data-id=\"6f7e4b7\" data-element_type=\"widget\" data-e-type=\"widget\" data-widget_type=\"button.default\">\n\t\t\t\t\t\t\t\t\t\t<a class=\"elementor-button elementor-button-link elementor-size-sm\" href=\"#contacto\">\n\t\t\t\t\t\t<span class=\"elementor-button-content-wrapper\">\n\t\t\t\t\t\t\t\t\t<span class=\"elementor-button-text\"> Haz una reserva<\/span>\n\t\t\t\t\t<\/span>\n\t\t\t\t\t<\/a>\n\t\t\t\t\t\t\t\t<\/div>\n\t\t\t\t\t<\/div>\n\t\t\t\t<\/div>\n\t\t\t\t<\/div>\n\t\t","protected":false},"excerpt":{"rendered":"<p>Psicologia forense Informes periciales psicol\u00f3gicos con rigor, objetividad y claridad La psicolog\u00eda forense es la rama de la psicolog\u00eda que aplica el conocimiento cient\u00edfico y t\u00e9cnico al contexto judicial. En el centro Aurora Psicolog\u00eda, el servicio de psicolog\u00eda forense est\u00e1 formado por profesionales especializados en la evaluaci\u00f3n psicol\u00f3gica y la elaboraci\u00f3n de informes periciales. Trabajamos [&hellip;]<\/p>\n","protected":false},"author":1,"featured_media":1274,"parent":1284,"menu_order":0,"comment_status":"closed","ping_status":"closed","template":"elementor_header_footer","meta":{"footnotes":""},"class_list":["post-1323","page","type-page","status-publish","has-post-thumbnail","hentry"],"_links":{"self":[{"href":"https:\/\/aurorapsicologia.es\/es\/wp-json\/wp\/v2\/pages\/1323","targetHints":{"allow":["GET"]}}],"collection":[{"href":"https:\/\/aurorapsicologia.es\/es\/wp-json\/wp\/v2\/pages"}],"about":[{"href":"https:\/\/aurorapsicologia.es\/es\/wp-json\/wp\/v2\/types\/page"}],"author":[{"embeddable":true,"href":"https:\/\/aurorapsicologia.es\/es\/wp-json\/wp\/v2\/users\/1"}],"replies":[{"embeddable":true,"href":"https:\/\/aurorapsicologia.es\/es\/wp-json\/wp\/v2\/comments?post=1323"}],"version-history":[{"count":1,"href":"https:\/\/aurorapsicologia.es\/es\/wp-json\/wp\/v2\/pages\/1323\/revisions"}],"predecessor-version":[{"id":1324,"href":"https:\/\/aurorapsicologia.es\/es\/wp-json\/wp\/v2\/pages\/1323\/revisions\/1324"}],"up":[{"embeddable":true,"href":"https:\/\/aurorapsicologia.es\/es\/wp-json\/wp\/v2\/pages\/1284"}],"wp:featuredmedia":[{"embeddable":true,"href":"https:\/\/aurorapsicologia.es\/es\/wp-json\/wp\/v2\/media\/1274"}],"wp:attachment":[{"href":"https:\/\/aurorapsicologia.es\/es\/wp-json\/wp\/v2\/media?parent=1323"}],"curies":[{"name":"wp","href":"https:\/\/api.w.org\/{rel}","templated":true}]}}