{"id":1319,"date":"2026-01-24T10:07:13","date_gmt":"2026-01-24T10:07:13","guid":{"rendered":"https:\/\/aurorapsicologia.es\/servicios\/orientacion-y-cambio-profesional\/"},"modified":"2026-03-06T10:51:47","modified_gmt":"2026-03-06T10:51:47","slug":"orientacion-y-cambio-profesional","status":"publish","type":"page","link":"https:\/\/aurorapsicologia.es\/es\/servicios\/orientacion-y-cambio-profesional\/","title":{"rendered":"Orientaci\u00f3n y cambio profesional"},"content":{"rendered":"\t\t<div data-elementor-type=\"wp-page\" data-elementor-id=\"1319\" class=\"elementor elementor-1319 elementor-618\" data-elementor-post-type=\"page\">\n\t\t\t\t<div class=\"elementor-element elementor-element-e5105de e-flex e-con-boxed e-con e-parent\" data-id=\"e5105de\" data-element_type=\"container\" data-e-type=\"container\" data-settings=\"{&quot;background_background&quot;:&quot;classic&quot;}\">\n\t\t\t\t\t<div class=\"e-con-inner\">\n\t\t<div class=\"elementor-element elementor-element-babd8c7 e-con-full e-flex e-con e-child\" data-id=\"babd8c7\" data-element_type=\"container\" data-e-type=\"container\">\n\t\t\t\t<div class=\"elementor-element elementor-element-2331c4f elementor-widget__width-initial elementor-widget elementor-widget-heading\" data-id=\"2331c4f\" data-element_type=\"widget\" data-e-type=\"widget\" data-widget_type=\"heading.default\">\n\t\t\t\t\t<h2 class=\"elementor-heading-title elementor-size-default\">Orientaci\u00f3n y cambio profesional<\/h2>\t\t\t\t<\/div>\n\t\t\t\t<div class=\"elementor-element elementor-element-0b317f2 elementor-widget elementor-widget-heading\" data-id=\"0b317f2\" data-element_type=\"widget\" data-e-type=\"widget\" data-widget_type=\"heading.default\">\n\t\t\t\t\t<h2 class=\"elementor-heading-title elementor-size-default\">Cuando el trabajo ya no encaja, es momento de escucharte<\/h2>\t\t\t\t<\/div>\n\t\t\t\t<\/div>\n\t\t<div class=\"elementor-element elementor-element-10d6767 e-con-full e-flex e-con e-child\" data-id=\"10d6767\" data-element_type=\"container\" data-e-type=\"container\">\n\t\t\t\t<div class=\"elementor-element elementor-element-2299807 elementor-widget elementor-widget-text-editor\" data-id=\"2299807\" data-element_type=\"widget\" data-e-type=\"widget\" data-widget_type=\"text-editor.default\">\n\t\t\t\t\t\t\t\t\t<p data-start=\"270\" data-end=\"577\">Hay etapas en las que el trabajo deja de motivar, pesa m\u00e1s de lo que quisi\u00e9ramos o nos hace sentir desconectados. Otras veces, tenemos claro que queremos cambiar pero nos falta empuje, direcci\u00f3n o recursos para dar el paso. <\/p><p data-start=\"270\" data-end=\"577\">En <strong data-start=\"538\" data-end=\"559\">Aurora Psicolog\u00eda<\/strong> te ofrecemos un espacio para mirar hacia adentro, poner palabras a lo que te ocurre y avanzar hacia una vida laboral con mayor sentido, coherencia y bienestar.<\/p>\t\t\t\t\t\t\t\t<\/div>\n\t\t\t\t<\/div>\n\t\t\t\t\t<\/div>\n\t\t\t\t<\/div>\n\t\t<div class=\"elementor-element elementor-element-0ed285c e-flex e-con-boxed e-con e-parent\" data-id=\"0ed285c\" data-element_type=\"container\" data-e-type=\"container\" data-settings=\"{&quot;background_background&quot;:&quot;classic&quot;}\">\n\t\t\t\t\t<div class=\"e-con-inner\">\n\t\t\t\t<div class=\"elementor-element elementor-element-02d221a elementor-widget__width-initial elementor-widget elementor-widget-heading\" data-id=\"02d221a\" data-element_type=\"widget\" data-e-type=\"widget\" data-widget_type=\"heading.default\">\n\t\t\t\t\t<h2 class=\"elementor-heading-title elementor-size-default\">acompa\u00f1amiento laboral<\/h2>\t\t\t\t<\/div>\n\t\t\t\t<div class=\"elementor-element elementor-element-a3659f5 elementor-widget__width-initial elementor-widget elementor-widget-heading\" data-id=\"a3659f5\" data-element_type=\"widget\" data-e-type=\"widget\" data-widget_type=\"heading.default\">\n\t\t\t\t\t<h2 class=\"elementor-heading-title elementor-size-default\">Dos l\u00edneas de acompa\u00f1amiento laboral<\/h2>\t\t\t\t<\/div>\n\t\t<div class=\"elementor-element elementor-element-dbf858f e-grid e-con-full e-con e-child\" data-id=\"dbf858f\" data-element_type=\"container\" data-e-type=\"container\">\n\t\t<div class=\"elementor-element elementor-element-b5afcf9 e-con-full e-flex e-con e-child\" data-id=\"b5afcf9\" data-element_type=\"container\" data-e-type=\"container\" data-settings=\"{&quot;background_background&quot;:&quot;classic&quot;}\">\n\t\t<div class=\"elementor-element elementor-element-f2e6013 e-con-full e-flex e-con e-child\" data-id=\"f2e6013\" data-element_type=\"container\" data-e-type=\"container\">\n\t\t\t\t<div class=\"elementor-element elementor-element-2cf5b6d elementor-widget elementor-widget-heading\" data-id=\"2cf5b6d\" data-element_type=\"widget\" data-e-type=\"widget\" data-widget_type=\"heading.default\">\n\t\t\t\t\t<h2 class=\"elementor-heading-title elementor-size-default\">1<\/h2>\t\t\t\t<\/div>\n\t\t\t\t<div class=\"elementor-element elementor-element-02d56fb elementor-widget elementor-widget-heading\" data-id=\"02d56fb\" data-element_type=\"widget\" data-e-type=\"widget\" data-widget_type=\"heading.default\">\n\t\t\t\t\t<h2 class=\"elementor-heading-title elementor-size-default\">Orientaci\u00f3n y acompa\u00f1amiento en procesos profesionales<\/h2>\t\t\t\t<\/div>\n\t\t\t\t<\/div>\n\t\t\t\t<div class=\"elementor-element elementor-element-8f0555f elementor-widget elementor-widget-text-editor\" data-id=\"8f0555f\" data-element_type=\"widget\" data-e-type=\"widget\" data-widget_type=\"text-editor.default\">\n\t\t\t\t\t\t\t\t\t<p data-start=\"879\" data-end=\"914\">Un espacio pensado para personas que:<\/p><ul data-start=\"915\" data-end=\"1088\"><li data-start=\"915\" data-end=\"971\"><p data-start=\"917\" data-end=\"971\">Se sienten <strong data-start=\"927\" data-end=\"940\">agotadas<\/strong> o desconectadas en el trabajo.<\/p><\/li><li data-start=\"972\" data-end=\"1029\"><p data-start=\"974\" data-end=\"1029\">Notan que repiten <strong data-start=\"995\" data-end=\"1026\">patrones de malestar laboral.<\/strong><\/p><\/li><li data-start=\"1030\" data-end=\"1088\"><p data-start=\"1032\" data-end=\"1088\">Buscan una nueva direcci\u00f3n pero no saben por d\u00f3nde empezar.<\/p><\/li><\/ul><p data-start=\"1090\" data-end=\"1369\">Aqu\u00ed te ayudamos a entender lo que te pasa, identificar lo que realmente necesitas y recuperar energ\u00eda para enfocarte hacia un camino m\u00e1s alineado con quien eres y con lo que te importa. El objetivo es que puedas construir una vida profesional que te haga sentir m\u00e1s viva, estable y con sentido. <\/p>\t\t\t\t\t\t\t\t<\/div>\n\t\t\t\t<\/div>\n\t\t<div class=\"elementor-element elementor-element-051ee39 e-con-full e-flex e-con e-child\" data-id=\"051ee39\" data-element_type=\"container\" data-e-type=\"container\" data-settings=\"{&quot;background_background&quot;:&quot;classic&quot;}\">\n\t\t<div class=\"elementor-element elementor-element-8afdc13 e-con-full e-flex e-con e-child\" data-id=\"8afdc13\" data-element_type=\"container\" data-e-type=\"container\">\n\t\t\t\t<div class=\"elementor-element elementor-element-07bb571 elementor-widget elementor-widget-heading\" data-id=\"07bb571\" data-element_type=\"widget\" data-e-type=\"widget\" data-widget_type=\"heading.default\">\n\t\t\t\t\t<h2 class=\"elementor-heading-title elementor-size-default\">2<\/h2>\t\t\t\t<\/div>\n\t\t\t\t<div class=\"elementor-element elementor-element-607689d elementor-widget elementor-widget-heading\" data-id=\"607689d\" data-element_type=\"widget\" data-e-type=\"widget\" data-widget_type=\"heading.default\">\n\t\t\t\t\t<h2 class=\"elementor-heading-title elementor-size-default\">Preparaci\u00f3n para procesos de selecci\u00f3n<\/h2>\t\t\t\t<\/div>\n\t\t\t\t<\/div>\n\t\t\t\t<div class=\"elementor-element elementor-element-7bf91a3 elementor-widget elementor-widget-text-editor\" data-id=\"7bf91a3\" data-element_type=\"widget\" data-e-type=\"widget\" data-widget_type=\"text-editor.default\">\n\t\t\t\t\t\t\t\t\t<p data-start=\"1421\" data-end=\"1464\">Un acompa\u00f1amiento m\u00e1s pr\u00e1ctico y puntual por:<\/p><ul data-start=\"1465\" data-end=\"1678\"><li data-start=\"1465\" data-end=\"1554\"><p data-start=\"1467\" data-end=\"1554\">Revisar tu b\u00fasqueda de trabajo y preparar <strong data-start=\"1511\" data-end=\"1526\">entrevistas<\/strong> o <strong data-start=\"1529\" data-end=\"1551\">din\u00e1micas de grupo<\/strong>.<\/p><\/li><li data-start=\"1555\" data-end=\"1607\"><p data-start=\"1557\" data-end=\"1607\">Entrenar psicot\u00e9cnicos o pruebas <strong data-start=\"1566\" data-end=\"1582\">espec\u00edficas<\/strong>.<\/p><\/li><li data-start=\"1608\" data-end=\"1678\"><p data-start=\"1610\" data-end=\"1678\">Ganar <strong data-start=\"1618\" data-end=\"1631\">confianza<\/strong> y claridad para afrontar procesos de selecci\u00f3n.<\/p><\/li><\/ul><p data-start=\"1680\" data-end=\"1822\">Son sesiones personalizadas para dar herramientas concretas en momentos clave, con una mirada que tambi\u00e9n tiene en cuenta la parte emocional del proceso.<\/p>\t\t\t\t\t\t\t\t<\/div>\n\t\t\t\t<\/div>\n\t\t\t\t<\/div>\n\t\t\t\t\t<\/div>\n\t\t\t\t<\/div>\n\t\t<div class=\"elementor-element elementor-element-84f57b6 e-flex e-con-boxed e-con e-parent\" data-id=\"84f57b6\" data-element_type=\"container\" data-e-type=\"container\" data-settings=\"{&quot;background_background&quot;:&quot;classic&quot;}\">\n\t\t\t\t\t<div class=\"e-con-inner\">\n\t\t<div class=\"elementor-element elementor-element-c9ead39 e-con-full e-flex e-con e-child\" data-id=\"c9ead39\" data-element_type=\"container\" data-e-type=\"container\">\n\t\t\t\t<div class=\"elementor-element elementor-element-d9b2e52 elementor-widget elementor-widget-image\" data-id=\"d9b2e52\" data-element_type=\"widget\" data-e-type=\"widget\" data-widget_type=\"image.default\">\n\t\t\t\t\t\t\t\t\t\t\t\t\t\t\t<img fetchpriority=\"high\" decoding=\"async\" width=\"800\" height=\"534\" src=\"https:\/\/aurorapsicologia.es\/wp-content\/uploads\/2026\/01\/orientacion-laboral-y-profesional-barcelona-1024x683.jpg\" class=\"attachment-large size-large wp-image-1318\" alt=\"\" srcset=\"https:\/\/aurorapsicologia.es\/wp-content\/uploads\/2026\/01\/orientacion-laboral-y-profesional-barcelona-1024x683.jpg 1024w, https:\/\/aurorapsicologia.es\/wp-content\/uploads\/2026\/01\/orientacion-laboral-y-profesional-barcelona-300x200.jpg 300w, https:\/\/aurorapsicologia.es\/wp-content\/uploads\/2026\/01\/orientacion-laboral-y-profesional-barcelona-768x512.jpg 768w, https:\/\/aurorapsicologia.es\/wp-content\/uploads\/2026\/01\/orientacion-laboral-y-profesional-barcelona.jpg 1200w\" sizes=\"(max-width: 800px) 100vw, 800px\" \/>\t\t\t\t\t\t\t\t\t\t\t\t\t\t\t<\/div>\n\t\t\t\t<\/div>\n\t\t<div class=\"elementor-element elementor-element-2008786 e-con-full e-flex e-con e-child\" data-id=\"2008786\" data-element_type=\"container\" data-e-type=\"container\">\n\t\t\t\t<div class=\"elementor-element elementor-element-f1ad641 elementor-widget__width-initial elementor-widget elementor-widget-heading\" data-id=\"f1ad641\" data-element_type=\"widget\" data-e-type=\"widget\" data-widget_type=\"heading.default\">\n\t\t\t\t\t<h2 class=\"elementor-heading-title elementor-size-default\">C\u00f3mo trabajamos<\/h2>\t\t\t\t<\/div>\n\t\t\t\t<div class=\"elementor-element elementor-element-b1dd3cc elementor-widget elementor-widget-text-editor\" data-id=\"b1dd3cc\" data-element_type=\"widget\" data-e-type=\"widget\" data-widget_type=\"text-editor.default\">\n\t\t\t\t\t\t\t\t\t<p data-start=\"1854\" data-end=\"1978\">Aunque cada proceso es \u00fanico y adaptado a la persona, seguimos una estructura clara que nos permite avanzar con orden y sentido:<\/p>\t\t\t\t\t\t\t\t<\/div>\n\t\t\t\t<div class=\"elementor-element elementor-element-95a723a elementor-widget__width-initial elementor-widget elementor-widget-heading\" data-id=\"95a723a\" data-element_type=\"widget\" data-e-type=\"widget\" data-widget_type=\"heading.default\">\n\t\t\t\t\t<h2 class=\"elementor-heading-title elementor-size-default\">1. An\u00e1lisis inicial de la situaci\u00f3n personal y profesional\n<\/h2>\t\t\t\t<\/div>\n\t\t\t\t<div class=\"elementor-element elementor-element-59b8a6f elementor-widget elementor-widget-text-editor\" data-id=\"59b8a6f\" data-element_type=\"widget\" data-e-type=\"widget\" data-widget_type=\"text-editor.default\">\n\t\t\t\t\t\t\t\t\t<p>Exploramos el momento vital y laboral en el que te encuentras, y los factores emocionales y contextuales que influyen.<\/p>\t\t\t\t\t\t\t\t<\/div>\n\t\t\t\t<div class=\"elementor-element elementor-element-4237151 elementor-widget__width-initial elementor-widget elementor-widget-heading\" data-id=\"4237151\" data-element_type=\"widget\" data-e-type=\"widget\" data-widget_type=\"heading.default\">\n\t\t\t\t\t<h2 class=\"elementor-heading-title elementor-size-default\">2. Diagn\u00f3stico de ejes clave: valores, intereses y competencias\n<\/h2>\t\t\t\t<\/div>\n\t\t\t\t<div class=\"elementor-element elementor-element-ac6d8d6 elementor-widget elementor-widget-text-editor\" data-id=\"ac6d8d6\" data-element_type=\"widget\" data-e-type=\"widget\" data-widget_type=\"text-editor.default\">\n\t\t\t\t\t\t\t\t\t<p>Profundicemos en qu\u00e9 te motiva, qu\u00e9 se te da bien y qu\u00e9 frenos o creencias pueden estar limitando el movimiento.<\/p>\t\t\t\t\t\t\t\t<\/div>\n\t\t\t\t<div class=\"elementor-element elementor-element-b82386a elementor-widget__width-initial elementor-widget elementor-widget-heading\" data-id=\"b82386a\" data-element_type=\"widget\" data-e-type=\"widget\" data-widget_type=\"heading.default\">\n\t\t\t\t\t<h2 class=\"elementor-heading-title elementor-size-default\">3. Definici\u00f3n de objetivos y direcci\u00f3n de cambio\n<\/h2>\t\t\t\t<\/div>\n\t\t\t\t<div class=\"elementor-element elementor-element-9f6c991 elementor-widget elementor-widget-text-editor\" data-id=\"9f6c991\" data-element_type=\"widget\" data-e-type=\"widget\" data-widget_type=\"text-editor.default\">\n\t\t\t\t\t\t\t\t\t<p>Dise\u00f1amos conjuntamente un plan realista, coherente con tu momento, para avanzar hacia un trabajo o proyecto con mayor sentido.<\/p>\t\t\t\t\t\t\t\t<\/div>\n\t\t\t\t<div class=\"elementor-element elementor-element-74bd20a elementor-widget__width-initial elementor-widget elementor-widget-heading\" data-id=\"74bd20a\" data-element_type=\"widget\" data-e-type=\"widget\" data-widget_type=\"heading.default\">\n\t\t\t\t\t<h2 class=\"elementor-heading-title elementor-size-default\">4. Activaci\u00f3n y acompa\u00f1amiento en la acci\u00f3n\n<\/h2>\t\t\t\t<\/div>\n\t\t\t\t<div class=\"elementor-element elementor-element-6e214d0 elementor-widget elementor-widget-text-editor\" data-id=\"6e214d0\" data-element_type=\"widget\" data-e-type=\"widget\" data-widget_type=\"text-editor.default\">\n\t\t\t\t\t\t\t\t\t<p>Trabajamos herramientas pr\u00e1cticas y emocionales para dar pasos concretos (curr\u00edculum, entrevistas, acciones de prueba\u2026) y sostener el proceso de cambio.<\/p>\t\t\t\t\t\t\t\t<\/div>\n\t\t\t\t<\/div>\n\t\t\t\t\t<\/div>\n\t\t\t\t<\/div>\n\t\t<div class=\"elementor-element elementor-element-e2d334d e-flex e-con-boxed e-con e-parent\" data-id=\"e2d334d\" data-element_type=\"container\" data-e-type=\"container\" data-settings=\"{&quot;background_background&quot;:&quot;classic&quot;}\">\n\t\t\t\t\t<div class=\"e-con-inner\">\n\t\t\t\t<div class=\"elementor-element elementor-element-6f56874 elementor-widget__width-initial elementor-widget elementor-widget-heading\" data-id=\"6f56874\" data-element_type=\"widget\" data-e-type=\"widget\" data-widget_type=\"heading.default\">\n\t\t\t\t\t<h2 class=\"elementor-heading-title elementor-size-default\">\u00bfQuieres empezar?<\/h2>\t\t\t\t<\/div>\n\t\t\t\t<div class=\"elementor-element elementor-element-f03da0f elementor-widget elementor-widget-heading\" data-id=\"f03da0f\" data-element_type=\"widget\" data-e-type=\"widget\" data-widget_type=\"heading.default\">\n\t\t\t\t\t<p class=\"elementor-heading-title elementor-size-default\">Si est\u00e1s en un momento de duda, agotamiento o transici\u00f3n laboral, podemos valorar tu caso y definir el tipo de acompa\u00f1amiento m\u00e1s adecuado para ti.<\/p>\t\t\t\t<\/div>\n\t\t\t\t<div class=\"elementor-element elementor-element-773c33d elementor-widget elementor-widget-button\" data-id=\"773c33d\" data-element_type=\"widget\" data-e-type=\"widget\" data-widget_type=\"button.default\">\n\t\t\t\t\t\t\t\t\t\t<a class=\"elementor-button elementor-button-link elementor-size-sm\" href=\"#contacto\">\n\t\t\t\t\t\t<span class=\"elementor-button-content-wrapper\">\n\t\t\t\t\t\t\t\t\t<span class=\"elementor-button-text\"> Haz una reserva<\/span>\n\t\t\t\t\t<\/span>\n\t\t\t\t\t<\/a>\n\t\t\t\t\t\t\t\t<\/div>\n\t\t\t\t\t<\/div>\n\t\t\t\t<\/div>\n\t\t\t\t<\/div>\n\t\t","protected":false},"excerpt":{"rendered":"<p>Orientaci\u00f3n y cambio profesional Cuando el trabajo ya no encaja, es momento de escucharte Hay etapas en las que el trabajo deja de motivar, pesa m\u00e1s de lo que quisi\u00e9ramos o nos hace sentir desconectados. Otras veces, tenemos claro que queremos cambiar pero nos falta empuje, direcci\u00f3n o recursos para dar el paso. En Aurora [&hellip;]<\/p>\n","protected":false},"author":1,"featured_media":1318,"parent":1284,"menu_order":0,"comment_status":"closed","ping_status":"closed","template":"elementor_header_footer","meta":{"footnotes":""},"class_list":["post-1319","page","type-page","status-publish","has-post-thumbnail","hentry"],"_links":{"self":[{"href":"https:\/\/aurorapsicologia.es\/es\/wp-json\/wp\/v2\/pages\/1319","targetHints":{"allow":["GET"]}}],"collection":[{"href":"https:\/\/aurorapsicologia.es\/es\/wp-json\/wp\/v2\/pages"}],"about":[{"href":"https:\/\/aurorapsicologia.es\/es\/wp-json\/wp\/v2\/types\/page"}],"author":[{"embeddable":true,"href":"https:\/\/aurorapsicologia.es\/es\/wp-json\/wp\/v2\/users\/1"}],"replies":[{"embeddable":true,"href":"https:\/\/aurorapsicologia.es\/es\/wp-json\/wp\/v2\/comments?post=1319"}],"version-history":[{"count":1,"href":"https:\/\/aurorapsicologia.es\/es\/wp-json\/wp\/v2\/pages\/1319\/revisions"}],"predecessor-version":[{"id":1320,"href":"https:\/\/aurorapsicologia.es\/es\/wp-json\/wp\/v2\/pages\/1319\/revisions\/1320"}],"up":[{"embeddable":true,"href":"https:\/\/aurorapsicologia.es\/es\/wp-json\/wp\/v2\/pages\/1284"}],"wp:featuredmedia":[{"embeddable":true,"href":"https:\/\/aurorapsicologia.es\/es\/wp-json\/wp\/v2\/media\/1318"}],"wp:attachment":[{"href":"https:\/\/aurorapsicologia.es\/es\/wp-json\/wp\/v2\/media?parent=1319"}],"curies":[{"name":"wp","href":"https:\/\/api.w.org\/{rel}","templated":true}]}}