{"id":1313,"date":"2026-01-24T22:31:25","date_gmt":"2026-01-24T22:31:25","guid":{"rendered":"https:\/\/aurorapsicologia.es\/servicios\/talleres-y-grupos\/"},"modified":"2026-03-06T09:54:41","modified_gmt":"2026-03-06T09:54:41","slug":"talleres-y-grupos","status":"publish","type":"page","link":"https:\/\/aurorapsicologia.es\/es\/servicios\/talleres-y-grupos\/","title":{"rendered":"Talleres y grupos"},"content":{"rendered":"\t\t<div data-elementor-type=\"wp-page\" data-elementor-id=\"1313\" class=\"elementor elementor-1313 elementor-734\" data-elementor-post-type=\"page\">\n\t\t\t\t<div class=\"elementor-element elementor-element-fd4101a e-flex e-con-boxed e-con e-parent\" data-id=\"fd4101a\" data-element_type=\"container\" data-e-type=\"container\" data-settings=\"{&quot;background_background&quot;:&quot;classic&quot;}\">\n\t\t\t\t\t<div class=\"e-con-inner\">\n\t\t<div class=\"elementor-element elementor-element-478ce9a e-con-full e-flex e-con e-child\" data-id=\"478ce9a\" data-element_type=\"container\" data-e-type=\"container\">\n\t\t\t\t<div class=\"elementor-element elementor-element-70b01c5 elementor-widget__width-initial elementor-widget elementor-widget-heading\" data-id=\"70b01c5\" data-element_type=\"widget\" data-e-type=\"widget\" data-widget_type=\"heading.default\">\n\t\t\t\t\t<h2 class=\"elementor-heading-title elementor-size-default\">Talleres y grupos<\/h2>\t\t\t\t<\/div>\n\t\t\t\t<div class=\"elementor-element elementor-element-9b3b882 elementor-widget__width-initial elementor-widget elementor-widget-heading\" data-id=\"9b3b882\" data-element_type=\"widget\" data-e-type=\"widget\" data-widget_type=\"heading.default\">\n\t\t\t\t\t<h2 class=\"elementor-heading-title elementor-size-default\">Espacios seguros para crecer, compartir y cuidar el bienestar emocional<\/h2>\t\t\t\t<\/div>\n\t\t\t\t<div class=\"elementor-element elementor-element-c03b81f elementor-widget elementor-widget-text-editor\" data-id=\"c03b81f\" data-element_type=\"widget\" data-e-type=\"widget\" data-widget_type=\"text-editor.default\">\n\t\t\t\t\t\t\t\t\t<p>Los talleres y grupos son espacios guiados por una o dos psic\u00f3logas, dirigidos a grupos reducidos de entre 3 y 10 personas, lo que permite un acompa\u00f1amiento cercano y personalizado. Pueden tener una duraci\u00f3n determinada o plantearse como actividades continuadas, y se centran en una tem\u00e1tica o t\u00e9cnica espec\u00edfica previamente definida.<\/p><p>Est\u00e1n dirigidos a personas interesadas en su crecimiento personal y en la mejora de su bienestar emocional, ya sea a trav\u00e9s del aprendizaje de herramientas pr\u00e1cticas o profundizando en temas concretos como la ansiedad, la depresi\u00f3n, la gesti\u00f3n emocional, entre otros.<\/p>\t\t\t\t\t\t\t\t<\/div>\n\t\t\t\t<\/div>\n\t\t<div class=\"elementor-element elementor-element-f75bed5 e-con-full e-flex e-con e-child\" data-id=\"f75bed5\" data-element_type=\"container\" data-e-type=\"container\">\n\t\t\t\t<div class=\"elementor-element elementor-element-86697fb elementor-widget elementor-widget-text-editor\" data-id=\"86697fb\" data-element_type=\"widget\" data-e-type=\"widget\" data-widget_type=\"text-editor.default\">\n\t\t\t\t\t\t\t\t\t<p>Estos son algunos de los talleres y grupos que ofrecemos, tanto en nuestro centro de Molins de Rei como en otras ubicaciones, adapt\u00e1ndonos a las necesidades y caracter\u00edsticas de cada propuesta.<\/p>\t\t\t\t\t\t\t\t<\/div>\n\t\t\t\t<div class=\"elementor-element elementor-element-a9aa99d elementor-widget elementor-widget-n-accordion\" data-id=\"a9aa99d\" data-element_type=\"widget\" data-e-type=\"widget\" data-settings=\"{&quot;default_state&quot;:&quot;all_collapsed&quot;,&quot;max_items_expended&quot;:&quot;one&quot;,&quot;n_accordion_animation_duration&quot;:{&quot;unit&quot;:&quot;ms&quot;,&quot;size&quot;:400,&quot;sizes&quot;:[]}}\" data-widget_type=\"nested-accordion.default\">\n\t\t\t\t\t\t\t<div class=\"e-n-accordion\" aria-label=\"Accordion. Open links with Enter or Space, close with Escape, and navigate with Arrow Keys\">\n\t\t\t\t\t\t<details id=\"e-n-accordion-item-1770\" class=\"e-n-accordion-item\" >\n\t\t\t\t<summary class=\"e-n-accordion-item-title\" data-accordion-index=\"1\" tabindex=\"0\" aria-expanded=\"false\" aria-controls=\"e-n-accordion-item-1770\" >\n\t\t\t\t\t<span class='e-n-accordion-item-title-header'><div class=\"e-n-accordion-item-title-text\"> <b>Grupo<\/b> de crecimiento personal <\/div><\/span>\n\t\t\t\t\t\t\t<span class='e-n-accordion-item-title-icon'>\n\t\t\t<span class='e-opened' ><svg aria-hidden=\"true\" class=\"e-font-icon-svg e-fas-minus\" viewBox=\"0 0 448 512\" xmlns=\"http:\/\/www.w3.org\/2000\/svg\"><path d=\"M416 208H32c-17.67 0-32 14.33-32 32v32c0 17.67 14.33 32 32 32h384c17.67 0 32-14.33 32-32v-32c0-17.67-14.33-32-32-32z\"><\/path><\/svg><\/span>\n\t\t\t<span class='e-closed'><svg aria-hidden=\"true\" class=\"e-font-icon-svg e-fas-plus\" viewBox=\"0 0 448 512\" xmlns=\"http:\/\/www.w3.org\/2000\/svg\"><path d=\"M416 208H272V64c0-17.67-14.33-32-32-32h-32c-17.67 0-32 14.33-32 32v144H32c-17.67 0-32 14.33-32 32v32c0 17.67 14.33 32 32 32h144v144c0 17.67 14.33 32 32 32h32c17.67 0 32-14.33 32-32V304h144c17.67 0 32-14.33 32-32v-32c0-17.67-14.33-32-32-32z\"><\/path><\/svg><\/span>\n\t\t<\/span>\n\n\t\t\t\t\t\t<\/summary>\n\t\t\t\t<div role=\"region\" aria-labelledby=\"e-n-accordion-item-1770\" class=\"elementor-element elementor-element-4b78f35 e-con-full e-flex e-con e-child\" data-id=\"4b78f35\" data-element_type=\"container\" data-e-type=\"container\">\n\t\t\t\t<div class=\"elementor-element elementor-element-ae70e63 elementor-widget elementor-widget-text-editor\" data-id=\"ae70e63\" data-element_type=\"widget\" data-e-type=\"widget\" data-widget_type=\"text-editor.default\">\n\t\t\t\t\t\t\t\t\t<p>Grupo de crecimiento personal orientado al autoconocimiento y desarrollo interior. A trav\u00e9s de la reflexi\u00f3n sobre identidad, valores, fortalezas y autoestima, exploramos c\u00f3mo afrontar el cambio, establecer l\u00edmites sin culpa y vivir desde una mirada m\u00e1s compasiva. Un espacio para reconectar con lo esencial y redefinir qu\u00e9 significa la felicidad para cada persona.<\/p><p><strong>Duraci\u00f3n<\/strong>: 7 sesiones<br><strong>Frecuencia<\/strong>: 2 sesiones de 1 hy 15 min al mes<br><strong>Formato<\/strong>: presencial o online<\/p>\t\t\t\t\t\t\t\t<\/div>\n\t\t\t\t<div class=\"elementor-element elementor-element-bc68aa5 elementor-widget elementor-widget-button\" data-id=\"bc68aa5\" data-element_type=\"widget\" data-e-type=\"widget\" data-widget_type=\"button.default\">\n\t\t\t\t\t\t\t\t\t\t<a class=\"elementor-button elementor-button-link elementor-size-sm\" href=\"#contacto\">\n\t\t\t\t\t\t<span class=\"elementor-button-content-wrapper\">\n\t\t\t\t\t\t\t\t\t<span class=\"elementor-button-text\">Consulta las fechas del pr\u00f3ximo grupo<\/span>\n\t\t\t\t\t<\/span>\n\t\t\t\t\t<\/a>\n\t\t\t\t\t\t\t\t<\/div>\n\t\t\t\t<\/div>\n\t\t\t\t\t<\/details>\n\t\t\t\t\t\t<details id=\"e-n-accordion-item-1771\" class=\"e-n-accordion-item\" >\n\t\t\t\t<summary class=\"e-n-accordion-item-title\" data-accordion-index=\"2\" tabindex=\"-1\" aria-expanded=\"false\" aria-controls=\"e-n-accordion-item-1771\" >\n\t\t\t\t\t<span class='e-n-accordion-item-title-header'><div class=\"e-n-accordion-item-title-text\"> <b>Grupo<\/b> de ayuda mutua <\/div><\/span>\n\t\t\t\t\t\t\t<span class='e-n-accordion-item-title-icon'>\n\t\t\t<span class='e-opened' ><svg aria-hidden=\"true\" class=\"e-font-icon-svg e-fas-minus\" viewBox=\"0 0 448 512\" xmlns=\"http:\/\/www.w3.org\/2000\/svg\"><path d=\"M416 208H32c-17.67 0-32 14.33-32 32v32c0 17.67 14.33 32 32 32h384c17.67 0 32-14.33 32-32v-32c0-17.67-14.33-32-32-32z\"><\/path><\/svg><\/span>\n\t\t\t<span class='e-closed'><svg aria-hidden=\"true\" class=\"e-font-icon-svg e-fas-plus\" viewBox=\"0 0 448 512\" xmlns=\"http:\/\/www.w3.org\/2000\/svg\"><path d=\"M416 208H272V64c0-17.67-14.33-32-32-32h-32c-17.67 0-32 14.33-32 32v144H32c-17.67 0-32 14.33-32 32v32c0 17.67 14.33 32 32 32h144v144c0 17.67 14.33 32 32 32h32c17.67 0 32-14.33 32-32V304h144c17.67 0 32-14.33 32-32v-32c0-17.67-14.33-32-32-32z\"><\/path><\/svg><\/span>\n\t\t<\/span>\n\n\t\t\t\t\t\t<\/summary>\n\t\t\t\t<div role=\"region\" aria-labelledby=\"e-n-accordion-item-1771\" class=\"elementor-element elementor-element-7d989b5 e-con-full e-flex e-con e-child\" data-id=\"7d989b5\" data-element_type=\"container\" data-e-type=\"container\">\n\t\t\t\t<div class=\"elementor-element elementor-element-9ff0844 elementor-widget elementor-widget-text-editor\" data-id=\"9ff0844\" data-element_type=\"widget\" data-e-type=\"widget\" data-widget_type=\"text-editor.default\">\n\t\t\t\t\t\t\t\t\t<p>Grupo de ayuda mutua acompa\u00f1ado por una psic\u00f3loga, dirigido a personas que quieren compartir experiencias, sentirse comprendidas y apoyarse en un entorno seguro y respetuoso. Un espacio de encuentro en el que, a trav\u00e9s de la escucha y el acompa\u00f1amiento profesional y entre iguales, se fortalecen recursos personales y se fomenta el bienestar emocional.<\/p><p><strong>Duraci\u00f3n<\/strong>: indeterminada<br><strong>Frecuencia<\/strong>: quincenal<br><strong>Formato<\/strong>: presencial o online<\/p>\t\t\t\t\t\t\t\t<\/div>\n\t\t\t\t<\/div>\n\t\t\t\t\t<\/details>\n\t\t\t\t\t\t<details id=\"e-n-accordion-item-1772\" class=\"e-n-accordion-item\" >\n\t\t\t\t<summary class=\"e-n-accordion-item-title\" data-accordion-index=\"3\" tabindex=\"-1\" aria-expanded=\"false\" aria-controls=\"e-n-accordion-item-1772\" >\n\t\t\t\t\t<span class='e-n-accordion-item-title-header'><div class=\"e-n-accordion-item-title-text\"> <b>Taller<\/b> \u00bfQu\u00e9 es la ansiedad y qu\u00e9 herramientas puedo utilizar para afrontarla? <\/div><\/span>\n\t\t\t\t\t\t\t<span class='e-n-accordion-item-title-icon'>\n\t\t\t<span class='e-opened' ><svg aria-hidden=\"true\" class=\"e-font-icon-svg e-fas-minus\" viewBox=\"0 0 448 512\" xmlns=\"http:\/\/www.w3.org\/2000\/svg\"><path d=\"M416 208H32c-17.67 0-32 14.33-32 32v32c0 17.67 14.33 32 32 32h384c17.67 0 32-14.33 32-32v-32c0-17.67-14.33-32-32-32z\"><\/path><\/svg><\/span>\n\t\t\t<span class='e-closed'><svg aria-hidden=\"true\" class=\"e-font-icon-svg e-fas-plus\" viewBox=\"0 0 448 512\" xmlns=\"http:\/\/www.w3.org\/2000\/svg\"><path d=\"M416 208H272V64c0-17.67-14.33-32-32-32h-32c-17.67 0-32 14.33-32 32v144H32c-17.67 0-32 14.33-32 32v32c0 17.67 14.33 32 32 32h144v144c0 17.67 14.33 32 32 32h32c17.67 0 32-14.33 32-32V304h144c17.67 0 32-14.33 32-32v-32c0-17.67-14.33-32-32-32z\"><\/path><\/svg><\/span>\n\t\t<\/span>\n\n\t\t\t\t\t\t<\/summary>\n\t\t\t\t<div role=\"region\" aria-labelledby=\"e-n-accordion-item-1772\" class=\"elementor-element elementor-element-3f80f67 e-con-full e-flex e-con e-child\" data-id=\"3f80f67\" data-element_type=\"container\" data-e-type=\"container\">\n\t\t\t\t<div class=\"elementor-element elementor-element-465282f elementor-widget elementor-widget-text-editor\" data-id=\"465282f\" data-element_type=\"widget\" data-e-type=\"widget\" data-widget_type=\"text-editor.default\">\n\t\t\t\t\t\t\t\t\t<p>Taller pr\u00e1ctico orientado a comprender qu\u00e9 es la ansiedad, c\u00f3mo se activa y c\u00f3mo influye en nuestro cuerpo y nuestros pensamientos. A trav\u00e9s de explicaciones claras y ejercicios aplicables, aprender\u00e1s herramientas concretas para gestionarla, reducir el malestar y afrontar el d\u00eda a d\u00eda con mayor calma y seguridad.<\/p><p><strong>Duraci\u00f3n<\/strong>: 4 sesiones de una hora<br><strong>Frecuencia<\/strong>: quincenal<br><strong>Formato<\/strong>: presencial o online<\/p>\t\t\t\t\t\t\t\t<\/div>\n\t\t\t\t<div class=\"elementor-element elementor-element-05e05e0 elementor-widget elementor-widget-button\" data-id=\"05e05e0\" data-element_type=\"widget\" data-e-type=\"widget\" data-widget_type=\"button.default\">\n\t\t\t\t\t\t\t\t\t\t<a class=\"elementor-button elementor-button-link elementor-size-sm\" href=\"#contacto\">\n\t\t\t\t\t\t<span class=\"elementor-button-content-wrapper\">\n\t\t\t\t\t\t\t\t\t<span class=\"elementor-button-text\">Consulta las fechas del pr\u00f3ximo taller<\/span>\n\t\t\t\t\t<\/span>\n\t\t\t\t\t<\/a>\n\t\t\t\t\t\t\t\t<\/div>\n\t\t\t\t<\/div>\n\t\t\t\t\t<\/details>\n\t\t\t\t\t\t<details id=\"e-n-accordion-item-1773\" class=\"e-n-accordion-item\" >\n\t\t\t\t<summary class=\"e-n-accordion-item-title\" data-accordion-index=\"4\" tabindex=\"-1\" aria-expanded=\"false\" aria-controls=\"e-n-accordion-item-1773\" >\n\t\t\t\t\t<span class='e-n-accordion-item-title-header'><div class=\"e-n-accordion-item-title-text\"> Taller \u00bfQu\u00e9 es la depresi\u00f3n y qu\u00e9 herramientas puedo utilizar para afrontarla? <\/div><\/span>\n\t\t\t\t\t\t\t<span class='e-n-accordion-item-title-icon'>\n\t\t\t<span class='e-opened' ><svg aria-hidden=\"true\" class=\"e-font-icon-svg e-fas-minus\" viewBox=\"0 0 448 512\" xmlns=\"http:\/\/www.w3.org\/2000\/svg\"><path d=\"M416 208H32c-17.67 0-32 14.33-32 32v32c0 17.67 14.33 32 32 32h384c17.67 0 32-14.33 32-32v-32c0-17.67-14.33-32-32-32z\"><\/path><\/svg><\/span>\n\t\t\t<span class='e-closed'><svg aria-hidden=\"true\" class=\"e-font-icon-svg e-fas-plus\" viewBox=\"0 0 448 512\" xmlns=\"http:\/\/www.w3.org\/2000\/svg\"><path d=\"M416 208H272V64c0-17.67-14.33-32-32-32h-32c-17.67 0-32 14.33-32 32v144H32c-17.67 0-32 14.33-32 32v32c0 17.67 14.33 32 32 32h144v144c0 17.67 14.33 32 32 32h32c17.67 0 32-14.33 32-32V304h144c17.67 0 32-14.33 32-32v-32c0-17.67-14.33-32-32-32z\"><\/path><\/svg><\/span>\n\t\t<\/span>\n\n\t\t\t\t\t\t<\/summary>\n\t\t\t\t<div role=\"region\" aria-labelledby=\"e-n-accordion-item-1773\" class=\"elementor-element elementor-element-94dd21c e-con-full e-flex e-con e-child\" data-id=\"94dd21c\" data-element_type=\"container\" data-e-type=\"container\">\n\t\t\t\t<div class=\"elementor-element elementor-element-c83e1f3 elementor-widget elementor-widget-text-editor\" data-id=\"c83e1f3\" data-element_type=\"widget\" data-e-type=\"widget\" data-widget_type=\"text-editor.default\">\n\t\t\t\t\t\t\t\t\t<p>Taller psicoeducativo para comprender qu\u00e9 es la depresi\u00f3n, c\u00f3mo se manifiesta y qu\u00e9 factores la mantienen. Un espacio pr\u00e1ctico en el que aprender herramientas y estrategias para afrontarla, recuperar recursos personales y favorecer el bienestar emocional.<\/p><p><strong>Duraci\u00f3n<\/strong>: 4 sesiones de una hora<br><strong>Frecuencia<\/strong>: quincenal<br><strong>Formato<\/strong>: presencial u online<\/p>\t\t\t\t\t\t\t\t<\/div>\n\t\t\t\t<div class=\"elementor-element elementor-element-3145d20 elementor-widget elementor-widget-button\" data-id=\"3145d20\" data-element_type=\"widget\" data-e-type=\"widget\" data-widget_type=\"button.default\">\n\t\t\t\t\t\t\t\t\t\t<a class=\"elementor-button elementor-button-link elementor-size-sm\" href=\"#contacto\">\n\t\t\t\t\t\t<span class=\"elementor-button-content-wrapper\">\n\t\t\t\t\t\t\t\t\t<span class=\"elementor-button-text\">Consulta las fechas del pr\u00f3ximo taller<\/span>\n\t\t\t\t\t<\/span>\n\t\t\t\t\t<\/a>\n\t\t\t\t\t\t\t\t<\/div>\n\t\t\t\t<\/div>\n\t\t\t\t\t<\/details>\n\t\t\t\t\t<\/div>\n\t\t\t\t\t\t<\/div>\n\t\t\t\t<div class=\"elementor-element elementor-element-61cd19c elementor-mobile-align-justify elementor-widget elementor-widget-button\" data-id=\"61cd19c\" data-element_type=\"widget\" data-e-type=\"widget\" data-widget_type=\"button.default\">\n\t\t\t\t\t\t\t\t\t\t<a class=\"elementor-button elementor-button-link elementor-size-sm\" href=\"#contacto\">\n\t\t\t\t\t\t<span class=\"elementor-button-content-wrapper\">\n\t\t\t\t\t\t\t\t\t<span class=\"elementor-button-text\">Contacta para m\u00e1s informaci\u00f3n<\/span>\n\t\t\t\t\t<\/span>\n\t\t\t\t\t<\/a>\n\t\t\t\t\t\t\t\t<\/div>\n\t\t\t\t<\/div>\n\t\t\t\t\t<\/div>\n\t\t\t\t<\/div>\n\t\t<div class=\"elementor-element elementor-element-ba786be e-flex e-con-boxed e-con e-parent\" data-id=\"ba786be\" data-element_type=\"container\" data-e-type=\"container\">\n\t\t\t\t\t<div class=\"e-con-inner\">\n\t\t<div class=\"elementor-element elementor-element-91951c8 e-con-full e-flex e-con e-child\" data-id=\"91951c8\" data-element_type=\"container\" data-e-type=\"container\">\n\t\t\t\t<div class=\"elementor-element elementor-element-392d9f4 elementor-widget elementor-widget-image\" data-id=\"392d9f4\" data-element_type=\"widget\" data-e-type=\"widget\" data-widget_type=\"image.default\">\n\t\t\t\t\t\t\t\t\t\t\t\t\t\t\t<img fetchpriority=\"high\" decoding=\"async\" width=\"800\" height=\"534\" src=\"https:\/\/aurorapsicologia.es\/wp-content\/uploads\/2026\/01\/talleres-y-grupos-psicologia-molins-de-rei-aurora-1024x683.jpg\" class=\"attachment-large size-large wp-image-1312\" alt=\"\" srcset=\"https:\/\/aurorapsicologia.es\/wp-content\/uploads\/2026\/01\/talleres-y-grupos-psicologia-molins-de-rei-aurora-1024x683.jpg 1024w, https:\/\/aurorapsicologia.es\/wp-content\/uploads\/2026\/01\/talleres-y-grupos-psicologia-molins-de-rei-aurora-300x200.jpg 300w, https:\/\/aurorapsicologia.es\/wp-content\/uploads\/2026\/01\/talleres-y-grupos-psicologia-molins-de-rei-aurora-768x512.jpg 768w, https:\/\/aurorapsicologia.es\/wp-content\/uploads\/2026\/01\/talleres-y-grupos-psicologia-molins-de-rei-aurora.jpg 1200w\" sizes=\"(max-width: 800px) 100vw, 800px\" \/>\t\t\t\t\t\t\t\t\t\t\t\t\t\t\t<\/div>\n\t\t\t\t<\/div>\n\t\t<div class=\"elementor-element elementor-element-da62db5 e-con-full e-flex e-con e-child\" data-id=\"da62db5\" data-element_type=\"container\" data-e-type=\"container\">\n\t\t\t\t<div class=\"elementor-element elementor-element-77256ba elementor-widget__width-initial elementor-widget elementor-widget-heading\" data-id=\"77256ba\" data-element_type=\"widget\" data-e-type=\"widget\" data-widget_type=\"heading.default\">\n\t\t\t\t\t<h2 class=\"elementor-heading-title elementor-size-default\">Talleres de psicolog\u00eda dirigidos a empresas y organizaciones<\/h2>\t\t\t\t<\/div>\n\t\t\t\t<div class=\"elementor-element elementor-element-6d127c9 elementor-widget elementor-widget-text-editor\" data-id=\"6d127c9\" data-element_type=\"widget\" data-e-type=\"widget\" data-widget_type=\"text-editor.default\">\n\t\t\t\t\t\t\t\t\t<p data-start=\"2040\" data-end=\"2397\">Tambi\u00e9n ofrecemos talleres de psicolog\u00eda dirigidos a empresas y organizaciones que quieran <b>promover el bienestar emocional, mejorar el clima laboral y fortalecer las competencias personales y relacionales de sus equipos.<\/b> Cu\u00e9ntanos tu propuesta y elaboraremos un presupuesto personalizado, adaptado a tus necesidades y objetivos.<\/p>\t\t\t\t\t\t\t\t<\/div>\n\t\t\t\t<div class=\"elementor-element elementor-element-5961ad2 elementor-mobile-align-justify elementor-widget elementor-widget-button\" data-id=\"5961ad2\" data-element_type=\"widget\" data-e-type=\"widget\" data-widget_type=\"button.default\">\n\t\t\t\t\t\t\t\t\t\t<a class=\"elementor-button elementor-button-link elementor-size-sm\" href=\"#contacto\">\n\t\t\t\t\t\t<span class=\"elementor-button-content-wrapper\">\n\t\t\t\t\t\t\t\t\t<span class=\"elementor-button-text\">Contacta para m\u00e1s informaci\u00f3n<\/span>\n\t\t\t\t\t<\/span>\n\t\t\t\t\t<\/a>\n\t\t\t\t\t\t\t\t<\/div>\n\t\t\t\t<\/div>\n\t\t\t\t\t<\/div>\n\t\t\t\t<\/div>\n\t\t\t\t<\/div>\n\t\t","protected":false},"excerpt":{"rendered":"<p>Talleres y grupos Espacios seguros para crecer, compartir y cuidar el bienestar emocional Los talleres y grupos son espacios guiados por una o dos psic\u00f3logas, dirigidos a grupos reducidos de entre 3 y 10 personas, lo que permite un acompa\u00f1amiento cercano y personalizado. Pueden tener una duraci\u00f3n determinada o plantearse como actividades continuadas, y se [&hellip;]<\/p>\n","protected":false},"author":1,"featured_media":1312,"parent":1284,"menu_order":0,"comment_status":"closed","ping_status":"closed","template":"elementor_header_footer","meta":{"footnotes":""},"class_list":["post-1313","page","type-page","status-publish","has-post-thumbnail","hentry"],"_links":{"self":[{"href":"https:\/\/aurorapsicologia.es\/es\/wp-json\/wp\/v2\/pages\/1313","targetHints":{"allow":["GET"]}}],"collection":[{"href":"https:\/\/aurorapsicologia.es\/es\/wp-json\/wp\/v2\/pages"}],"about":[{"href":"https:\/\/aurorapsicologia.es\/es\/wp-json\/wp\/v2\/types\/page"}],"author":[{"embeddable":true,"href":"https:\/\/aurorapsicologia.es\/es\/wp-json\/wp\/v2\/users\/1"}],"replies":[{"embeddable":true,"href":"https:\/\/aurorapsicologia.es\/es\/wp-json\/wp\/v2\/comments?post=1313"}],"version-history":[{"count":1,"href":"https:\/\/aurorapsicologia.es\/es\/wp-json\/wp\/v2\/pages\/1313\/revisions"}],"predecessor-version":[{"id":1314,"href":"https:\/\/aurorapsicologia.es\/es\/wp-json\/wp\/v2\/pages\/1313\/revisions\/1314"}],"up":[{"embeddable":true,"href":"https:\/\/aurorapsicologia.es\/es\/wp-json\/wp\/v2\/pages\/1284"}],"wp:featuredmedia":[{"embeddable":true,"href":"https:\/\/aurorapsicologia.es\/es\/wp-json\/wp\/v2\/media\/1312"}],"wp:attachment":[{"href":"https:\/\/aurorapsicologia.es\/es\/wp-json\/wp\/v2\/media?parent=1313"}],"curies":[{"name":"wp","href":"https:\/\/api.w.org\/{rel}","templated":true}]}}