{"id":1304,"date":"2026-01-24T22:32:22","date_gmt":"2026-01-24T22:32:22","guid":{"rendered":"https:\/\/aurorapsicologia.es\/servicios\/psicoterapia\/"},"modified":"2026-03-06T09:23:07","modified_gmt":"2026-03-06T09:23:07","slug":"psicoterapia","status":"publish","type":"page","link":"https:\/\/aurorapsicologia.es\/es\/servicios\/psicoterapia\/","title":{"rendered":"Psicoterapia"},"content":{"rendered":"\t\t<div data-elementor-type=\"wp-page\" data-elementor-id=\"1304\" class=\"elementor elementor-1304 elementor-739\" data-elementor-post-type=\"page\">\n\t\t\t\t<div class=\"elementor-element elementor-element-df5584a e-flex e-con-boxed e-con e-parent\" data-id=\"df5584a\" data-element_type=\"container\" data-e-type=\"container\" data-settings=\"{&quot;background_background&quot;:&quot;classic&quot;}\">\n\t\t\t\t\t<div class=\"e-con-inner\">\n\t\t<div class=\"elementor-element elementor-element-69ee76a e-con-full e-flex e-con e-child\" data-id=\"69ee76a\" data-element_type=\"container\" data-e-type=\"container\">\n\t\t\t\t<div class=\"elementor-element elementor-element-0e82d2f elementor-widget__width-initial elementor-widget elementor-widget-heading\" data-id=\"0e82d2f\" data-element_type=\"widget\" data-e-type=\"widget\" data-widget_type=\"heading.default\">\n\t\t\t\t\t<h1 class=\"elementor-heading-title elementor-size-default\">Psicoterapia<\/h1>\t\t\t\t<\/div>\n\t\t\t\t<div class=\"elementor-element elementor-element-a01768c elementor-widget elementor-widget-heading\" data-id=\"a01768c\" data-element_type=\"widget\" data-e-type=\"widget\" data-widget_type=\"heading.default\">\n\t\t\t\t\t<h2 class=\"elementor-heading-title elementor-size-default\">Realizamos terapia individual, de pareja y familiar con adultos y adolescentes<\/h2>\t\t\t\t<\/div>\n\t\t\t\t<\/div>\n\t\t<div class=\"elementor-element elementor-element-0dcb370 e-con-full e-flex e-con e-child\" data-id=\"0dcb370\" data-element_type=\"container\" data-e-type=\"container\">\n\t\t\t\t<div class=\"elementor-element elementor-element-f61beab elementor-widget elementor-widget-text-editor\" data-id=\"f61beab\" data-element_type=\"widget\" data-e-type=\"widget\" data-widget_type=\"text-editor.default\">\n\t\t\t\t\t\t\t\t\t<p>El servicio de psicoterapia se inicia con una fase de evaluaci\u00f3n para comprender la situaci\u00f3n, necesidades y objetivos de la persona, y definir un plan de intervenci\u00f3n personalizado. A partir de ah\u00ed, se inician sesiones adaptadas a cada caso, desde un enfoque principalmente humanista y cognitivo conductual, que combina una mirada centrada en la persona con estrategias pr\u00e1cticas basadas en la evidencia para favorecer el bienestar emocional y el crecimiento personal. <\/p>\t\t\t\t\t\t\t\t<\/div>\n\t\t\t\t<\/div>\n\t\t\t\t\t<\/div>\n\t\t\t\t<\/div>\n\t\t<div class=\"elementor-element elementor-element-233dc68 e-flex e-con-boxed e-con e-parent\" data-id=\"233dc68\" data-element_type=\"container\" data-e-type=\"container\" data-settings=\"{&quot;background_background&quot;:&quot;classic&quot;}\">\n\t\t\t\t\t<div class=\"e-con-inner\">\n\t\t\t\t<div class=\"elementor-element elementor-element-4ceea0c elementor-widget__width-initial elementor-widget elementor-widget-heading\" data-id=\"4ceea0c\" data-element_type=\"widget\" data-e-type=\"widget\" data-widget_type=\"heading.default\">\n\t\t\t\t\t<h2 class=\"elementor-heading-title elementor-size-default\">Psicoterapia<\/h2>\t\t\t\t<\/div>\n\t\t\t\t<div class=\"elementor-element elementor-element-103b101 elementor-widget__width-initial elementor-widget elementor-widget-heading\" data-id=\"103b101\" data-element_type=\"widget\" data-e-type=\"widget\" data-widget_type=\"heading.default\">\n\t\t\t\t\t<h2 class=\"elementor-heading-title elementor-size-default\">Tipo de psicoterapia<\/h2>\t\t\t\t<\/div>\n\t\t<div class=\"elementor-element elementor-element-342feed e-grid e-con-full e-con e-child\" data-id=\"342feed\" data-element_type=\"container\" data-e-type=\"container\">\n\t\t<div class=\"elementor-element elementor-element-2dc1a80 e-con-full e-flex e-con e-child\" data-id=\"2dc1a80\" data-element_type=\"container\" data-e-type=\"container\" data-settings=\"{&quot;background_background&quot;:&quot;classic&quot;}\">\n\t\t<div class=\"elementor-element elementor-element-db98de6 e-con-full e-flex e-con e-child\" data-id=\"db98de6\" data-element_type=\"container\" data-e-type=\"container\">\n\t\t\t\t<div class=\"elementor-element elementor-element-ae2e88c elementor-widget elementor-widget-image\" data-id=\"ae2e88c\" data-element_type=\"widget\" data-e-type=\"widget\" data-widget_type=\"image.default\">\n\t\t\t\t\t\t\t\t\t\t\t\t\t\t\t<img decoding=\"async\" src=\"https:\/\/aurorapsicologia.es\/wp-content\/uploads\/elementor\/thumbs\/aurora-psicologa-molins-de-rei-evaluacion-1-rh7mqh15tgp3j0qensby4ezrihqx8g66zpqpqqsfy0.jpg\" title=\"aurora psicologa molins de rei evaluacion (1)\" alt=\"aurora psicologa molins de rei evaluacion (1)\" loading=\"lazy\" \/>\t\t\t\t\t\t\t\t\t\t\t\t\t\t\t<\/div>\n\t\t\t\t<div class=\"elementor-element elementor-element-4642dbd elementor-widget elementor-widget-heading\" data-id=\"4642dbd\" data-element_type=\"widget\" data-e-type=\"widget\" data-widget_type=\"heading.default\">\n\t\t\t\t\t<h2 class=\"elementor-heading-title elementor-size-default\">Individual\n<\/h2>\t\t\t\t<\/div>\n\t\t\t\t<div class=\"elementor-element elementor-element-acd6b7a elementor-widget-tablet__width-inherit elementor-widget elementor-widget-text-editor\" data-id=\"acd6b7a\" data-element_type=\"widget\" data-e-type=\"widget\" data-widget_type=\"text-editor.default\">\n\t\t\t\t\t\t\t\t\t<div class=\"elementor-element elementor-element-a118d2c elementor-widget elementor-widget-heading\" data-id=\"a118d2c\" data-element_type=\"widget\" data-e-type=\"widget\" data-widget_type=\"heading.default\"><div class=\"elementor-widget-container\"><p>La terapia individual ofrece un espacio en el que tratar las dificultades emocionales y relacionales que pueden surgir en cualquier etapa de la vida.<\/p><\/div><\/div>\t\t\t\t\t\t\t\t<\/div>\n\t\t\t\t<\/div>\n\t\t\t\t<div class=\"elementor-element elementor-element-817ec72 elementor-align-justify elementor-widget elementor-widget-button\" data-id=\"817ec72\" data-element_type=\"widget\" data-e-type=\"widget\" data-widget_type=\"button.default\">\n\t\t\t\t\t\t\t\t\t\t<a class=\"elementor-button elementor-button-link elementor-size-sm\" href=\"#contacto\">\n\t\t\t\t\t\t<span class=\"elementor-button-content-wrapper\">\n\t\t\t\t\t\t\t\t\t<span class=\"elementor-button-text\">60\u20ac por sesi\u00f3n \u2192<\/span>\n\t\t\t\t\t<\/span>\n\t\t\t\t\t<\/a>\n\t\t\t\t\t\t\t\t<\/div>\n\t\t\t\t<\/div>\n\t\t<div class=\"elementor-element elementor-element-e53c46f e-con-full e-flex e-con e-child\" data-id=\"e53c46f\" data-element_type=\"container\" data-e-type=\"container\" data-settings=\"{&quot;background_background&quot;:&quot;classic&quot;}\">\n\t\t<div class=\"elementor-element elementor-element-c8bf7ea e-con-full e-flex e-con e-child\" data-id=\"c8bf7ea\" data-element_type=\"container\" data-e-type=\"container\">\n\t\t\t\t<div class=\"elementor-element elementor-element-fbfa486 elementor-widget elementor-widget-image\" data-id=\"fbfa486\" data-element_type=\"widget\" data-e-type=\"widget\" data-widget_type=\"image.default\">\n\t\t\t\t\t\t\t\t\t\t\t\t\t\t\t<img decoding=\"async\" src=\"https:\/\/aurorapsicologia.es\/wp-content\/uploads\/elementor\/thumbs\/terapia-de-pareja-molins-de-rei-rjpuxqcdm09105quvp1va7lt96qpnx1k3ib2dxpsjc.png\" title=\"terapia de pareja molins de rei\" alt=\"terapia de pareja molins de rei\" loading=\"lazy\" \/>\t\t\t\t\t\t\t\t\t\t\t\t\t\t\t<\/div>\n\t\t\t\t<div class=\"elementor-element elementor-element-c98ac26 elementor-widget elementor-widget-heading\" data-id=\"c98ac26\" data-element_type=\"widget\" data-e-type=\"widget\" data-widget_type=\"heading.default\">\n\t\t\t\t\t<h2 class=\"elementor-heading-title elementor-size-default\">Pareja<\/h2>\t\t\t\t<\/div>\n\t\t\t\t<div class=\"elementor-element elementor-element-bacfaed elementor-widget-tablet__width-inherit elementor-widget elementor-widget-text-editor\" data-id=\"bacfaed\" data-element_type=\"widget\" data-e-type=\"widget\" data-widget_type=\"text-editor.default\">\n\t\t\t\t\t\t\t\t\t<p>La terapia de pareja ofrece un espacio seguro en el que los dos miembros de la pareja pueden comunicarse y, con la ayuda del profesional, hacer frente a las dificultades que puedan surgir en la relaci\u00f3n.<\/p>\t\t\t\t\t\t\t\t<\/div>\n\t\t\t\t<\/div>\n\t\t\t\t<div class=\"elementor-element elementor-element-dad1411 elementor-align-justify elementor-widget elementor-widget-button\" data-id=\"dad1411\" data-element_type=\"widget\" data-e-type=\"widget\" data-widget_type=\"button.default\">\n\t\t\t\t\t\t\t\t\t\t<a class=\"elementor-button elementor-button-link elementor-size-sm\" href=\"#contacto\">\n\t\t\t\t\t\t<span class=\"elementor-button-content-wrapper\">\n\t\t\t\t\t\t\t\t\t<span class=\"elementor-button-text\">75\u20ac por sesi\u00f3n \u2192<\/span>\n\t\t\t\t\t<\/span>\n\t\t\t\t\t<\/a>\n\t\t\t\t\t\t\t\t<\/div>\n\t\t\t\t<\/div>\n\t\t<div class=\"elementor-element elementor-element-918355c e-con-full e-flex e-con e-child\" data-id=\"918355c\" data-element_type=\"container\" data-e-type=\"container\" data-settings=\"{&quot;background_background&quot;:&quot;classic&quot;}\">\n\t\t<div class=\"elementor-element elementor-element-64eeeca e-con-full e-flex e-con e-child\" data-id=\"64eeeca\" data-element_type=\"container\" data-e-type=\"container\">\n\t\t\t\t<div class=\"elementor-element elementor-element-1af4d65 elementor-widget elementor-widget-image\" data-id=\"1af4d65\" data-element_type=\"widget\" data-e-type=\"widget\" data-widget_type=\"image.default\">\n\t\t\t\t\t\t\t\t\t\t\t\t\t\t\t<img decoding=\"async\" src=\"https:\/\/aurorapsicologia.es\/wp-content\/uploads\/elementor\/thumbs\/psicoterapia-familiar-rjpotr646t49xf9we3y197zchwzb9yqziq1a5pvmpk.jpg\" title=\"psicoterapia familiar\" alt=\"psicoterapia familiar\" loading=\"lazy\" \/>\t\t\t\t\t\t\t\t\t\t\t\t\t\t\t<\/div>\n\t\t\t\t<div class=\"elementor-element elementor-element-865d01a elementor-widget elementor-widget-heading\" data-id=\"865d01a\" data-element_type=\"widget\" data-e-type=\"widget\" data-widget_type=\"heading.default\">\n\t\t\t\t\t<h2 class=\"elementor-heading-title elementor-size-default\">Familiar<\/h2>\t\t\t\t<\/div>\n\t\t\t\t<div class=\"elementor-element elementor-element-20a8783 elementor-widget-tablet__width-inherit elementor-widget elementor-widget-text-editor\" data-id=\"20a8783\" data-element_type=\"widget\" data-e-type=\"widget\" data-widget_type=\"text-editor.default\">\n\t\t\t\t\t\t\t\t\t<p data-start=\"1487\" data-end=\"1726\">La terapia familiar contribuye, desde una mirada relacional, al bienestar de cada uno de los miembros de la familia y la mejora de las relaciones y la din\u00e1mica familiar.<\/p>\t\t\t\t\t\t\t\t<\/div>\n\t\t\t\t<\/div>\n\t\t\t\t<div class=\"elementor-element elementor-element-4c3a312 elementor-align-justify elementor-widget elementor-widget-button\" data-id=\"4c3a312\" data-element_type=\"widget\" data-e-type=\"widget\" data-widget_type=\"button.default\">\n\t\t\t\t\t\t\t\t\t\t<a class=\"elementor-button elementor-button-link elementor-size-sm\" href=\"#contacto\">\n\t\t\t\t\t\t<span class=\"elementor-button-content-wrapper\">\n\t\t\t\t\t\t\t\t\t<span class=\"elementor-button-text\">75\u20ac por sesi\u00f3n \u2192<\/span>\n\t\t\t\t\t<\/span>\n\t\t\t\t\t<\/a>\n\t\t\t\t\t\t\t\t<\/div>\n\t\t\t\t<\/div>\n\t\t\t\t<\/div>\n\t\t\t\t\t<\/div>\n\t\t\t\t<\/div>\n\t\t<div class=\"elementor-element elementor-element-fdf5c7a e-flex e-con-boxed e-con e-parent\" data-id=\"fdf5c7a\" data-element_type=\"container\" data-e-type=\"container\">\n\t\t\t\t\t<div class=\"e-con-inner\">\n\t\t<div class=\"elementor-element elementor-element-0073a2e e-con-full e-flex e-con e-child\" data-id=\"0073a2e\" data-element_type=\"container\" data-e-type=\"container\">\n\t\t\t\t<div class=\"elementor-element elementor-element-4b9c7dd elementor-widget elementor-widget-image\" data-id=\"4b9c7dd\" data-element_type=\"widget\" data-e-type=\"widget\" data-widget_type=\"image.default\">\n\t\t\t\t\t\t\t\t\t\t\t\t\t\t\t<img fetchpriority=\"high\" decoding=\"async\" width=\"757\" height=\"1024\" src=\"https:\/\/aurorapsicologia.es\/wp-content\/uploads\/2026\/02\/psicoterapia-molins-de-rei-757x1024.jpg\" class=\"attachment-large size-large wp-image-1303\" alt=\"psicoterapia molins de rei\" srcset=\"https:\/\/aurorapsicologia.es\/wp-content\/uploads\/2026\/02\/psicoterapia-molins-de-rei-757x1024.jpg 757w, https:\/\/aurorapsicologia.es\/wp-content\/uploads\/2026\/02\/psicoterapia-molins-de-rei-222x300.jpg 222w, https:\/\/aurorapsicologia.es\/wp-content\/uploads\/2026\/02\/psicoterapia-molins-de-rei-768x1039.jpg 768w, https:\/\/aurorapsicologia.es\/wp-content\/uploads\/2026\/02\/psicoterapia-molins-de-rei-1135x1536.jpg 1135w, https:\/\/aurorapsicologia.es\/wp-content\/uploads\/2026\/02\/psicoterapia-molins-de-rei.jpg 1348w\" sizes=\"(max-width: 757px) 100vw, 757px\" \/>\t\t\t\t\t\t\t\t\t\t\t\t\t\t\t<\/div>\n\t\t\t\t<\/div>\n\t\t<div class=\"elementor-element elementor-element-588cc7f e-con-full e-flex e-con e-child\" data-id=\"588cc7f\" data-element_type=\"container\" data-e-type=\"container\">\n\t\t\t\t<div class=\"elementor-element elementor-element-c86f208 elementor-widget__width-initial elementor-widget elementor-widget-heading\" data-id=\"c86f208\" data-element_type=\"widget\" data-e-type=\"widget\" data-widget_type=\"heading.default\">\n\t\t\t\t\t<h2 class=\"elementor-heading-title elementor-size-default\">Metodolog\u00eda<\/h2>\t\t\t\t<\/div>\n\t\t\t\t<div class=\"elementor-element elementor-element-8e37b0c elementor-widget elementor-widget-text-editor\" data-id=\"8e37b0c\" data-element_type=\"widget\" data-e-type=\"widget\" data-widget_type=\"text-editor.default\">\n\t\t\t\t\t\t\t\t\t<div class=\"elementor-element elementor-element-255a34b elementor-widget elementor-widget-heading\" data-id=\"255a34b\" data-element_type=\"widget\" data-e-type=\"widget\" data-widget_type=\"heading.default\"><div class=\"elementor-widget-container\"><p>En nuestro centro seguimos una metodolog\u00eda de trabajo a la hora de realizar un tratamiento. Sin embargo, esta metodolog\u00eda se ajusta a cada individuo y por tanto puede variar en funci\u00f3n del terapeuta y de las necesidades del paciente. <\/p><\/div><\/div>\t\t\t\t\t\t\t\t<\/div>\n\t\t\t\t<div class=\"elementor-element elementor-element-d9d1b1a elementor-widget__width-initial elementor-widget elementor-widget-heading\" data-id=\"d9d1b1a\" data-element_type=\"widget\" data-e-type=\"widget\" data-widget_type=\"heading.default\">\n\t\t\t\t\t<h2 class=\"elementor-heading-title elementor-size-default\">1. Evaluaci\u00f3n<\/h2>\t\t\t\t<\/div>\n\t\t\t\t<div class=\"elementor-element elementor-element-ed96db3 elementor-widget elementor-widget-text-editor\" data-id=\"ed96db3\" data-element_type=\"widget\" data-e-type=\"widget\" data-widget_type=\"text-editor.default\">\n\t\t\t\t\t\t\t\t\t<p>Primeras sesiones de evaluaci\u00f3n a trav\u00e9s de entrevista y cuestionarios, si fuera necesario.<\/p>\t\t\t\t\t\t\t\t<\/div>\n\t\t\t\t<div class=\"elementor-element elementor-element-2ab4f7a elementor-widget__width-initial elementor-widget elementor-widget-heading\" data-id=\"2ab4f7a\" data-element_type=\"widget\" data-e-type=\"widget\" data-widget_type=\"heading.default\">\n\t\t\t\t\t<h2 class=\"elementor-heading-title elementor-size-default\">2. An\u00e1lisis<\/h2>\t\t\t\t<\/div>\n\t\t\t\t<div class=\"elementor-element elementor-element-b2c81ed elementor-widget elementor-widget-text-editor\" data-id=\"b2c81ed\" data-element_type=\"widget\" data-e-type=\"widget\" data-widget_type=\"text-editor.default\">\n\t\t\t\t\t\t\t\t\t<p>La psicoterapeuta realiza un an\u00e1lisis del problema y sus principales causas.<\/p>\t\t\t\t\t\t\t\t<\/div>\n\t\t\t\t<div class=\"elementor-element elementor-element-76ca37e elementor-widget__width-initial elementor-widget elementor-widget-heading\" data-id=\"76ca37e\" data-element_type=\"widget\" data-e-type=\"widget\" data-widget_type=\"heading.default\">\n\t\t\t\t\t<h2 class=\"elementor-heading-title elementor-size-default\">3. Devoluci\u00f3n del an\u00e1lisis, orientaci\u00f3n y pacto de objetivos\n<\/h2>\t\t\t\t<\/div>\n\t\t\t\t<div class=\"elementor-element elementor-element-baded60 elementor-widget elementor-widget-text-editor\" data-id=\"baded60\" data-element_type=\"widget\" data-e-type=\"widget\" data-widget_type=\"text-editor.default\">\n\t\t\t\t\t\t\t\t\t<p>Sesi\u00f3n en la que se da feedback al paciente, se da orientaci\u00f3n y se pactan los objetivos.<\/p>\t\t\t\t\t\t\t\t<\/div>\n\t\t\t\t<div class=\"elementor-element elementor-element-682103b elementor-widget__width-initial elementor-widget elementor-widget-heading\" data-id=\"682103b\" data-element_type=\"widget\" data-e-type=\"widget\" data-widget_type=\"heading.default\">\n\t\t\t\t\t<h2 class=\"elementor-heading-title elementor-size-default\">4. Psicoterapia\n<\/h2>\t\t\t\t<\/div>\n\t\t\t\t<div class=\"elementor-element elementor-element-efd7c27 elementor-widget elementor-widget-text-editor\" data-id=\"efd7c27\" data-element_type=\"widget\" data-e-type=\"widget\" data-widget_type=\"text-editor.default\">\n\t\t\t\t\t\t\t\t\t<p>Inicio de las sesiones de tratamiento basadas en el an\u00e1lisis y objetivos de la persona.<\/p>\t\t\t\t\t\t\t\t<\/div>\n\t\t\t\t<div class=\"elementor-element elementor-element-e205fcc elementor-widget__width-initial elementor-widget elementor-widget-heading\" data-id=\"e205fcc\" data-element_type=\"widget\" data-e-type=\"widget\" data-widget_type=\"heading.default\">\n\t\t\t\t\t<h2 class=\"elementor-heading-title elementor-size-default\">5. Evaluaci\u00f3n continua y finalizaci\u00f3n<\/h2>\t\t\t\t<\/div>\n\t\t\t\t<div class=\"elementor-element elementor-element-b8a0997 elementor-widget elementor-widget-text-editor\" data-id=\"b8a0997\" data-element_type=\"widget\" data-e-type=\"widget\" data-widget_type=\"text-editor.default\">\n\t\t\t\t\t\t\t\t\t<p>Cada cert temps es reeval\u00faa l&#8217;estat de la persona. En funci\u00f3 del seu progres, es recomana l&#8217;alta. <\/p>\t\t\t\t\t\t\t\t<\/div>\n\t\t\t\t<\/div>\n\t\t\t\t\t<\/div>\n\t\t\t\t<\/div>\n\t\t<div class=\"elementor-element elementor-element-ff28c1c e-flex e-con-boxed e-con e-parent\" data-id=\"ff28c1c\" data-element_type=\"container\" data-e-type=\"container\" data-settings=\"{&quot;background_background&quot;:&quot;classic&quot;}\">\n\t\t\t\t\t<div class=\"e-con-inner\">\n\t\t\t\t<div class=\"elementor-element elementor-element-2541b54 elementor-widget__width-initial elementor-widget elementor-widget-heading\" data-id=\"2541b54\" data-element_type=\"widget\" data-e-type=\"widget\" data-widget_type=\"heading.default\">\n\t\t\t\t\t<h2 class=\"elementor-heading-title elementor-size-default\">\u00bfQuieres dar el primer paso?<\/h2>\t\t\t\t<\/div>\n\t\t\t\t<div class=\"elementor-element elementor-element-6d5cd8d elementor-widget elementor-widget-heading\" data-id=\"6d5cd8d\" data-element_type=\"widget\" data-e-type=\"widget\" data-widget_type=\"heading.default\">\n\t\t\t\t\t<p class=\"elementor-heading-title elementor-size-default\">Si tienes dudas sobre tu perfil o necesitas orientaci\u00f3n, podemos valorar tu caso y explicarte c\u00f3mo ser\u00eda el proceso de evaluaci\u00f3n. Cont\u00e1ctanos para concertar una primera visita.<\/p>\t\t\t\t<\/div>\n\t\t\t\t<div class=\"elementor-element elementor-element-139cf5a elementor-widget elementor-widget-button\" data-id=\"139cf5a\" data-element_type=\"widget\" data-e-type=\"widget\" data-widget_type=\"button.default\">\n\t\t\t\t\t\t\t\t\t\t<a class=\"elementor-button elementor-button-link elementor-size-sm\" href=\"#contacto\">\n\t\t\t\t\t\t<span class=\"elementor-button-content-wrapper\">\n\t\t\t\t\t\t\t\t\t<span class=\"elementor-button-text\">Reservar cita<\/span>\n\t\t\t\t\t<\/span>\n\t\t\t\t\t<\/a>\n\t\t\t\t\t\t\t\t<\/div>\n\t\t\t\t\t<\/div>\n\t\t\t\t<\/div>\n\t\t\t\t<\/div>\n\t\t","protected":false},"excerpt":{"rendered":"<p>Psicoterapia Realizamos terapia individual, de pareja y familiar con adultos y adolescentes El servicio de psicoterapia se inicia con una fase de evaluaci\u00f3n para comprender la situaci\u00f3n, necesidades y objetivos de la persona, y definir un plan de intervenci\u00f3n personalizado. A partir de ah\u00ed, se inician sesiones adaptadas a cada caso, desde un enfoque principalmente [&hellip;]<\/p>\n","protected":false},"author":1,"featured_media":1264,"parent":1284,"menu_order":0,"comment_status":"closed","ping_status":"closed","template":"elementor_header_footer","meta":{"footnotes":""},"class_list":["post-1304","page","type-page","status-publish","has-post-thumbnail","hentry"],"_links":{"self":[{"href":"https:\/\/aurorapsicologia.es\/es\/wp-json\/wp\/v2\/pages\/1304","targetHints":{"allow":["GET"]}}],"collection":[{"href":"https:\/\/aurorapsicologia.es\/es\/wp-json\/wp\/v2\/pages"}],"about":[{"href":"https:\/\/aurorapsicologia.es\/es\/wp-json\/wp\/v2\/types\/page"}],"author":[{"embeddable":true,"href":"https:\/\/aurorapsicologia.es\/es\/wp-json\/wp\/v2\/users\/1"}],"replies":[{"embeddable":true,"href":"https:\/\/aurorapsicologia.es\/es\/wp-json\/wp\/v2\/comments?post=1304"}],"version-history":[{"count":1,"href":"https:\/\/aurorapsicologia.es\/es\/wp-json\/wp\/v2\/pages\/1304\/revisions"}],"predecessor-version":[{"id":1308,"href":"https:\/\/aurorapsicologia.es\/es\/wp-json\/wp\/v2\/pages\/1304\/revisions\/1308"}],"up":[{"embeddable":true,"href":"https:\/\/aurorapsicologia.es\/es\/wp-json\/wp\/v2\/pages\/1284"}],"wp:featuredmedia":[{"embeddable":true,"href":"https:\/\/aurorapsicologia.es\/es\/wp-json\/wp\/v2\/media\/1264"}],"wp:attachment":[{"href":"https:\/\/aurorapsicologia.es\/es\/wp-json\/wp\/v2\/media?parent=1304"}],"curies":[{"name":"wp","href":"https:\/\/api.w.org\/{rel}","templated":true}]}}