{"id":1288,"date":"2026-01-24T22:33:46","date_gmt":"2026-01-24T22:33:46","guid":{"rendered":"https:\/\/aurorapsicologia.es\/servicios\/evaluacion-y-orientacion\/"},"modified":"2026-03-11T14:52:57","modified_gmt":"2026-03-11T14:52:57","slug":"evaluacion-y-orientacion","status":"publish","type":"page","link":"https:\/\/aurorapsicologia.es\/es\/servicios\/evaluacion-y-orientacion\/","title":{"rendered":"Evaluaci\u00f3n y orientaci\u00f3n"},"content":{"rendered":"\t\t<div data-elementor-type=\"wp-page\" data-elementor-id=\"1288\" class=\"elementor elementor-1288 elementor-741\" data-elementor-post-type=\"page\">\n\t\t\t\t<div class=\"elementor-element elementor-element-d5bbc3f e-flex e-con-boxed e-con e-parent\" data-id=\"d5bbc3f\" data-element_type=\"container\" data-e-type=\"container\" data-settings=\"{&quot;background_background&quot;:&quot;classic&quot;}\">\n\t\t\t\t\t<div class=\"e-con-inner\">\n\t\t<div class=\"elementor-element elementor-element-e407f8d e-con-full e-flex e-con e-child\" data-id=\"e407f8d\" data-element_type=\"container\" data-e-type=\"container\">\n\t\t\t\t<div class=\"elementor-element elementor-element-2f37c43 elementor-widget__width-initial elementor-widget elementor-widget-heading\" data-id=\"2f37c43\" data-element_type=\"widget\" data-e-type=\"widget\" data-widget_type=\"heading.default\">\n\t\t\t\t\t<h1 class=\"elementor-heading-title elementor-size-default\">Evaluaci\u00f3n y orientaci\u00f3n\n<\/h1>\t\t\t\t<\/div>\n\t\t\t\t<div class=\"elementor-element elementor-element-8a2e5f7 elementor-widget elementor-widget-heading\" data-id=\"8a2e5f7\" data-element_type=\"widget\" data-e-type=\"widget\" data-widget_type=\"heading.default\">\n\t\t\t\t\t<h2 class=\"elementor-heading-title elementor-size-default\">Evaluaci\u00f3n y orientaci\u00f3n en 3 sesiones <\/h2>\t\t\t\t<\/div>\n\t\t\t\t<div class=\"elementor-element elementor-element-802792b elementor-widget__width-initial elementor-widget elementor-widget-heading\" data-id=\"802792b\" data-element_type=\"widget\" data-e-type=\"widget\" data-widget_type=\"heading.default\">\n\t\t\t\t\t<p class=\"elementor-heading-title elementor-size-default\"><a href=\"#contacto\">Coste total: 180\u20ac<\/a><\/p>\t\t\t\t<\/div>\n\t\t\t\t<div class=\"elementor-element elementor-element-3016ad7 elementor-widget elementor-widget-button\" data-id=\"3016ad7\" data-element_type=\"widget\" data-e-type=\"widget\" data-widget_type=\"button.default\">\n\t\t\t\t\t\t\t\t\t\t<a class=\"elementor-button elementor-button-link elementor-size-sm\" href=\"#metodologia\">\n\t\t\t\t\t\t<span class=\"elementor-button-content-wrapper\">\n\t\t\t\t\t\t\t\t\t<span class=\"elementor-button-text\">Metodolog\u00eda<\/span>\n\t\t\t\t\t<\/span>\n\t\t\t\t\t<\/a>\n\t\t\t\t\t\t\t\t<\/div>\n\t\t\t\t<\/div>\n\t\t<div class=\"elementor-element elementor-element-6e6e91e e-con-full e-flex e-con e-child\" data-id=\"6e6e91e\" data-element_type=\"container\" data-e-type=\"container\">\n\t\t\t\t<div class=\"elementor-element elementor-element-2549457 elementor-widget elementor-widget-text-editor\" data-id=\"2549457\" data-element_type=\"widget\" data-e-type=\"widget\" data-widget_type=\"text-editor.default\">\n\t\t\t\t\t\t\t\t\t<p>El servicio de evaluaci\u00f3n y orientaci\u00f3n tiene como objetivo ayudar a la persona a entender su malestar as\u00ed como sus causas y posibles soluciones. <\/p><p>Consta de dos sesiones de evaluaci\u00f3n y una \u00faltima sesi\u00f3n de an\u00e1lisis del problema y orientaci\u00f3n sobre cu\u00e1les ser\u00edan los siguientes pasos para enfrentarse al mismo. <\/p>\t\t\t\t\t\t\t\t<\/div>\n\t\t\t\t<\/div>\n\t\t\t\t\t<\/div>\n\t\t\t\t<\/div>\n\t\t<div class=\"elementor-element elementor-element-0ec96ee e-flex e-con-boxed e-con e-parent\" data-id=\"0ec96ee\" data-element_type=\"container\" data-e-type=\"container\">\n\t\t\t\t\t<div class=\"e-con-inner\">\n\t\t<div class=\"elementor-element elementor-element-ab5817b e-con-full e-flex e-con e-child\" data-id=\"ab5817b\" data-element_type=\"container\" data-e-type=\"container\" data-settings=\"{&quot;background_background&quot;:&quot;classic&quot;}\">\n\t\t\t\t<\/div>\n\t\t<div class=\"elementor-element elementor-element-90bd0e8 e-con-full e-flex e-con e-child\" data-id=\"90bd0e8\" data-element_type=\"container\" data-e-type=\"container\">\n\t\t\t\t<div class=\"elementor-element elementor-element-94bdde9 elementor-widget elementor-widget-menu-anchor\" data-id=\"94bdde9\" data-element_type=\"widget\" data-e-type=\"widget\" data-widget_type=\"menu-anchor.default\">\n\t\t\t\t\t\t\t<div class=\"elementor-menu-anchor\" id=\"metodologa\"><\/div>\n\t\t\t\t\t\t<\/div>\n\t\t\t\t<div class=\"elementor-element elementor-element-95c5d6e elementor-widget__width-initial elementor-widget elementor-widget-heading\" data-id=\"95c5d6e\" data-element_type=\"widget\" data-e-type=\"widget\" data-widget_type=\"heading.default\">\n\t\t\t\t\t<h2 class=\"elementor-heading-title elementor-size-default\">Metodolog\u00eda<\/h2>\t\t\t\t<\/div>\n\t\t<div class=\"elementor-element elementor-element-f18e765 e-grid e-con-full e-con e-child\" data-id=\"f18e765\" data-element_type=\"container\" data-e-type=\"container\">\n\t\t<div class=\"elementor-element elementor-element-eceda92 e-con-full e-flex e-con e-child\" data-id=\"eceda92\" data-element_type=\"container\" data-e-type=\"container\" data-settings=\"{&quot;background_background&quot;:&quot;classic&quot;}\">\n\t\t<div class=\"elementor-element elementor-element-8c8f949 e-con-full e-flex e-con e-child\" data-id=\"8c8f949\" data-element_type=\"container\" data-e-type=\"container\">\n\t\t\t\t<div class=\"elementor-element elementor-element-86b5f5e elementor-widget elementor-widget-heading\" data-id=\"86b5f5e\" data-element_type=\"widget\" data-e-type=\"widget\" data-widget_type=\"heading.default\">\n\t\t\t\t\t<h2 class=\"elementor-heading-title elementor-size-default\">1<\/h2>\t\t\t\t<\/div>\n\t\t\t\t<div class=\"elementor-element elementor-element-d51bc3c elementor-widget elementor-widget-heading\" data-id=\"d51bc3c\" data-element_type=\"widget\" data-e-type=\"widget\" data-widget_type=\"heading.default\">\n\t\t\t\t\t<h2 class=\"elementor-heading-title elementor-size-default\">Evaluaci\u00f3n<\/h2>\t\t\t\t<\/div>\n\t\t\t\t<\/div>\n\t\t\t\t<div class=\"elementor-element elementor-element-08aef07 elementor-widget elementor-widget-text-editor\" data-id=\"08aef07\" data-element_type=\"widget\" data-e-type=\"widget\" data-widget_type=\"text-editor.default\">\n\t\t\t\t\t\t\t\t\t<p>Dos primeras sesiones de evaluaci\u00f3n a trav\u00e9s de entrevista y cuestionarios.<\/p><p><strong>Duraci\u00f3n de cada sesi\u00f3n: 1h.<\/strong><\/p>\t\t\t\t\t\t\t\t<\/div>\n\t\t\t\t<\/div>\n\t\t<div class=\"elementor-element elementor-element-1777e1d e-con-full e-flex e-con e-child\" data-id=\"1777e1d\" data-element_type=\"container\" data-e-type=\"container\" data-settings=\"{&quot;background_background&quot;:&quot;classic&quot;}\">\n\t\t<div class=\"elementor-element elementor-element-efc615b e-con-full e-flex e-con e-child\" data-id=\"efc615b\" data-element_type=\"container\" data-e-type=\"container\">\n\t\t\t\t<div class=\"elementor-element elementor-element-6323a92 elementor-widget elementor-widget-heading\" data-id=\"6323a92\" data-element_type=\"widget\" data-e-type=\"widget\" data-widget_type=\"heading.default\">\n\t\t\t\t\t<h2 class=\"elementor-heading-title elementor-size-default\">2<\/h2>\t\t\t\t<\/div>\n\t\t\t\t<div class=\"elementor-element elementor-element-ad4147d elementor-widget elementor-widget-heading\" data-id=\"ad4147d\" data-element_type=\"widget\" data-e-type=\"widget\" data-widget_type=\"heading.default\">\n\t\t\t\t\t<h2 class=\"elementor-heading-title elementor-size-default\">An\u00e1lisis<\/h2>\t\t\t\t<\/div>\n\t\t\t\t<\/div>\n\t\t\t\t<div class=\"elementor-element elementor-element-fc02a5d elementor-widget elementor-widget-text-editor\" data-id=\"fc02a5d\" data-element_type=\"widget\" data-e-type=\"widget\" data-widget_type=\"text-editor.default\">\n\t\t\t\t\t\t\t\t\t<p data-start=\"1200\" data-end=\"1436\">La psicoterapeuta dise\u00f1a un An\u00e1lisis Funcional que explica el problema y sus principales causas.<\/p>\t\t\t\t\t\t\t\t<\/div>\n\t\t\t\t<\/div>\n\t\t<div class=\"elementor-element elementor-element-dd4ccee e-con-full e-flex e-con e-child\" data-id=\"dd4ccee\" data-element_type=\"container\" data-e-type=\"container\" data-settings=\"{&quot;background_background&quot;:&quot;classic&quot;}\">\n\t\t<div class=\"elementor-element elementor-element-47b07ba e-con-full e-flex e-con e-child\" data-id=\"47b07ba\" data-element_type=\"container\" data-e-type=\"container\">\n\t\t\t\t<div class=\"elementor-element elementor-element-3457af8 elementor-widget elementor-widget-heading\" data-id=\"3457af8\" data-element_type=\"widget\" data-e-type=\"widget\" data-widget_type=\"heading.default\">\n\t\t\t\t\t<h2 class=\"elementor-heading-title elementor-size-default\">3<\/h2>\t\t\t\t<\/div>\n\t\t\t\t<div class=\"elementor-element elementor-element-8ca7f43 elementor-widget elementor-widget-heading\" data-id=\"8ca7f43\" data-element_type=\"widget\" data-e-type=\"widget\" data-widget_type=\"heading.default\">\n\t\t\t\t\t<h2 class=\"elementor-heading-title elementor-size-default\">Devoluci\u00f3n del an\u00e1lisis y orientaci\u00f3n<\/h2>\t\t\t\t<\/div>\n\t\t\t\t<\/div>\n\t\t\t\t<div class=\"elementor-element elementor-element-5bf73a0 elementor-widget elementor-widget-text-editor\" data-id=\"5bf73a0\" data-element_type=\"widget\" data-e-type=\"widget\" data-widget_type=\"text-editor.default\">\n\t\t\t\t\t\t\t\t\t<p data-start=\"1487\" data-end=\"1726\">Una \u00faltima sesi\u00f3n en la que se expone el An\u00e1lisis Funcional y se da orientaci\u00f3n.<\/p><p data-start=\"1487\" data-end=\"1726\"><strong>Duraci\u00f3n de la sesi\u00f3n: 1h.<\/strong><\/p>\t\t\t\t\t\t\t\t<\/div>\n\t\t\t\t<\/div>\n\t\t\t\t<\/div>\n\t\t\t\t<\/div>\n\t\t\t\t\t<\/div>\n\t\t\t\t<\/div>\n\t\t<div class=\"elementor-element elementor-element-f15bf3c e-flex e-con-boxed e-con e-parent\" data-id=\"f15bf3c\" data-element_type=\"container\" data-e-type=\"container\" data-settings=\"{&quot;background_background&quot;:&quot;classic&quot;}\">\n\t\t\t\t\t<div class=\"e-con-inner\">\n\t\t\t\t<div class=\"elementor-element elementor-element-d807956 elementor-widget__width-initial elementor-widget elementor-widget-heading\" data-id=\"d807956\" data-element_type=\"widget\" data-e-type=\"widget\" data-widget_type=\"heading.default\">\n\t\t\t\t\t<h2 class=\"elementor-heading-title elementor-size-default\">\u00bfQuieres dar el primer paso?<\/h2>\t\t\t\t<\/div>\n\t\t\t\t<div class=\"elementor-element elementor-element-b537a54 elementor-widget__width-initial elementor-widget elementor-widget-heading\" data-id=\"b537a54\" data-element_type=\"widget\" data-e-type=\"widget\" data-widget_type=\"heading.default\">\n\t\t\t\t\t<p class=\"elementor-heading-title elementor-size-default\"><a href=\"#contacto\"><b>COSTE TOTAL: 180\u20ac \u2192<\/b><\/a><\/p>\t\t\t\t<\/div>\n\t\t\t\t<div class=\"elementor-element elementor-element-8ed4b54 elementor-widget elementor-widget-heading\" data-id=\"8ed4b54\" data-element_type=\"widget\" data-e-type=\"widget\" data-widget_type=\"heading.default\">\n\t\t\t\t\t<p class=\"elementor-heading-title elementor-size-default\">Si tienes dudas sobre tu perfil o necesitas orientaci\u00f3n, podemos valorar tu caso y explicarte c\u00f3mo ser\u00eda el proceso de evaluaci\u00f3n. Cont\u00e1ctanos para concertar una primera visita.<\/p>\t\t\t\t<\/div>\n\t\t\t\t<div class=\"elementor-element elementor-element-acef77d elementor-widget elementor-widget-button\" data-id=\"acef77d\" data-element_type=\"widget\" data-e-type=\"widget\" data-widget_type=\"button.default\">\n\t\t\t\t\t\t\t\t\t\t<a class=\"elementor-button elementor-button-link elementor-size-sm\" href=\"#contacto\">\n\t\t\t\t\t\t<span class=\"elementor-button-content-wrapper\">\n\t\t\t\t\t\t\t\t\t<span class=\"elementor-button-text\">Reservar cita<\/span>\n\t\t\t\t\t<\/span>\n\t\t\t\t\t<\/a>\n\t\t\t\t\t\t\t\t<\/div>\n\t\t\t\t\t<\/div>\n\t\t\t\t<\/div>\n\t\t\t\t<\/div>\n\t\t","protected":false},"excerpt":{"rendered":"<p>Evaluaci\u00f3n y orientaci\u00f3n Evaluaci\u00f3n y orientaci\u00f3n en 3 sesiones Coste total: 180\u20ac Metodolog\u00eda El servicio de evaluaci\u00f3n y orientaci\u00f3n tiene como objetivo ayudar a la persona a entender su malestar as\u00ed como sus causas y posibles soluciones. Consta de dos sesiones de evaluaci\u00f3n y una \u00faltima sesi\u00f3n de an\u00e1lisis del problema y orientaci\u00f3n sobre cu\u00e1les [&hellip;]<\/p>\n","protected":false},"author":1,"featured_media":1264,"parent":1284,"menu_order":0,"comment_status":"closed","ping_status":"closed","template":"elementor_header_footer","meta":{"footnotes":""},"class_list":["post-1288","page","type-page","status-publish","has-post-thumbnail","hentry"],"_links":{"self":[{"href":"https:\/\/aurorapsicologia.es\/es\/wp-json\/wp\/v2\/pages\/1288","targetHints":{"allow":["GET"]}}],"collection":[{"href":"https:\/\/aurorapsicologia.es\/es\/wp-json\/wp\/v2\/pages"}],"about":[{"href":"https:\/\/aurorapsicologia.es\/es\/wp-json\/wp\/v2\/types\/page"}],"author":[{"embeddable":true,"href":"https:\/\/aurorapsicologia.es\/es\/wp-json\/wp\/v2\/users\/1"}],"replies":[{"embeddable":true,"href":"https:\/\/aurorapsicologia.es\/es\/wp-json\/wp\/v2\/comments?post=1288"}],"version-history":[{"count":2,"href":"https:\/\/aurorapsicologia.es\/es\/wp-json\/wp\/v2\/pages\/1288\/revisions"}],"predecessor-version":[{"id":1543,"href":"https:\/\/aurorapsicologia.es\/es\/wp-json\/wp\/v2\/pages\/1288\/revisions\/1543"}],"up":[{"embeddable":true,"href":"https:\/\/aurorapsicologia.es\/es\/wp-json\/wp\/v2\/pages\/1284"}],"wp:featuredmedia":[{"embeddable":true,"href":"https:\/\/aurorapsicologia.es\/es\/wp-json\/wp\/v2\/media\/1264"}],"wp:attachment":[{"href":"https:\/\/aurorapsicologia.es\/es\/wp-json\/wp\/v2\/media?parent=1288"}],"curies":[{"name":"wp","href":"https:\/\/api.w.org\/{rel}","templated":true}]}}